{"id":656,"date":"2023-03-18T15:26:20","date_gmt":"2023-03-18T14:26:20","guid":{"rendered":"https:\/\/altes-maedchen.nicolasgrimm.ch\/?page_id=656"},"modified":"2024-08-26T10:35:22","modified_gmt":"2024-08-26T08:35:22","slug":"brauereifuehrung","status":"publish","type":"page","link":"https:\/\/altes-maedchen.com\/en\/brauereifuehrung\/","title":{"rendered":"Brauereif\u00fchrung"},"content":{"rendered":"<div data-elementor-type=\"wp-page\" data-elementor-id=\"656\" class=\"elementor elementor-656\" data-elementor-post-type=\"page\">\n\t\t\t\t<div data-dce-background-color=\"#212529\" data-dce-background-image-url=\"https:\/\/altes-maedchen.com\/wp-content\/uploads\/2023\/03\/Brauereifuehrung_hero_Bier_tour.jpeg\" class=\"elementor-element elementor-element-1a9af09 e-flex e-con-boxed e-con e-parent\" data-id=\"1a9af09\" data-element_type=\"container\" data-e-type=\"container\" data-settings=\"{&quot;background_background&quot;:&quot;classic&quot;}\">\n\t\t\t\t\t<div class=\"e-con-inner\">\n\t\t\t\t<div class=\"elementor-element elementor-element-c18926d elementor-widget elementor-widget-image\" data-id=\"c18926d\" data-element_type=\"widget\" data-e-type=\"widget\" data-widget_type=\"image.default\">\n\t\t\t\t<div class=\"elementor-widget-container\">\n\t\t\t\t\t\t\t\t\t\t\t\t\t\t\t\t<a href=\"https:\/\/altes-maedchen.com\/en\">\n\t\t\t\t\t\t\t<img fetchpriority=\"high\" decoding=\"async\" width=\"768\" height=\"543\" src=\"https:\/\/altes-maedchen.com\/wp-content\/uploads\/2023\/06\/AMB_RH_Logo_weiss_HIGHRES-768x543.png\" class=\"attachment-medium_large size-medium_large wp-image-2575\" alt=\"\" srcset=\"https:\/\/altes-maedchen.com\/wp-content\/uploads\/2023\/06\/AMB_RH_Logo_weiss_HIGHRES-768x543.png 768w, https:\/\/altes-maedchen.com\/wp-content\/uploads\/2023\/06\/AMB_RH_Logo_weiss_HIGHRES-300x212.png 300w, https:\/\/altes-maedchen.com\/wp-content\/uploads\/2023\/06\/AMB_RH_Logo_weiss_HIGHRES-1024x724.png 1024w, https:\/\/altes-maedchen.com\/wp-content\/uploads\/2023\/06\/AMB_RH_Logo_weiss_HIGHRES-1536x1086.png 1536w, https:\/\/altes-maedchen.com\/wp-content\/uploads\/2023\/06\/AMB_RH_Logo_weiss_HIGHRES-2048x1448.png 2048w, https:\/\/altes-maedchen.com\/wp-content\/uploads\/2023\/06\/AMB_RH_Logo_weiss_HIGHRES-18x12.png 18w\" sizes=\"(max-width: 768px) 100vw, 768px\" \/>\t\t\t\t\t\t\t\t<\/a>\n\t\t\t\t\t\t\t\t\t\t\t\t\t\t\t<\/div>\n\t\t\t\t<\/div>\n\t\t\t\t\t<\/div>\n\t\t\t\t<\/div>\n\t\t<div class=\"elementor-element elementor-element-397c768 e-flex e-con-boxed e-con e-parent\" data-id=\"397c768\" data-element_type=\"container\" data-e-type=\"container\">\n\t\t\t\t\t<div class=\"e-con-inner\">\n\t\t\t\t<div class=\"elementor-element elementor-element-ac1e75a elementor-widget elementor-widget-heading\" data-id=\"ac1e75a\" data-element_type=\"widget\" data-e-type=\"widget\" data-widget_type=\"heading.default\">\n\t\t\t\t<div class=\"elementor-widget-container\">\n\t\t\t\t\t<span class=\"elementor-heading-title elementor-size-default\">This is where the magic happens\n<\/span>\t\t\t\t<\/div>\n\t\t\t\t<\/div>\n\t\t\t\t<div class=\"elementor-element elementor-element-5bbfc59 elementor-widget elementor-widget-heading\" data-id=\"5bbfc59\" data-element_type=\"widget\" data-e-type=\"widget\" data-widget_type=\"heading.default\">\n\t\t\t\t<div class=\"elementor-widget-container\">\n\t\t\t\t\t<h1 class=\"elementor-heading-title elementor-size-default\">RATSHERRN BRAUEREIF\u00dcHRUNG\n<\/h1>\t\t\t\t<\/div>\n\t\t\t\t<\/div>\n\t\t\t\t<div class=\"elementor-element elementor-element-c93c5f8 elementor-pagination-position-inside elementor-widget elementor-widget-image-carousel\" data-id=\"c93c5f8\" data-element_type=\"widget\" data-e-type=\"widget\" data-settings=\"{&quot;slides_to_show&quot;:&quot;1&quot;,&quot;navigation&quot;:&quot;dots&quot;,&quot;lazyload&quot;:&quot;yes&quot;,&quot;autoplay&quot;:&quot;yes&quot;,&quot;pause_on_hover&quot;:&quot;yes&quot;,&quot;pause_on_interaction&quot;:&quot;yes&quot;,&quot;autoplay_speed&quot;:5000,&quot;infinite&quot;:&quot;yes&quot;,&quot;effect&quot;:&quot;slide&quot;,&quot;speed&quot;:500}\" data-widget_type=\"image-carousel.default\">\n\t\t\t\t<div class=\"elementor-widget-container\">\n\t\t\t\t\t\t\t<div class=\"elementor-image-carousel-wrapper swiper\" role=\"region\" aria-roledescription=\"carousel\" aria-label=\"Image Carousel\" dir=\"ltr\">\n\t\t\t<div class=\"elementor-image-carousel swiper-wrapper\" aria-live=\"off\">\n\t\t\t\t\t\t\t\t<div class=\"swiper-slide\" role=\"group\" aria-roledescription=\"slide\" aria-label=\"1 of 3\"><figure class=\"swiper-slide-inner\"><img class=\"swiper-slide-image swiper-lazy\" data-src=\"https:\/\/altes-maedchen.com\/wp-content\/uploads\/2023\/03\/Brauereifuehrung_Impression_1_Maschinen.jpeg\" alt=\"Brauereifuehrung_Impression_1_Maschinen\" \/><div class=\"swiper-lazy-preloader\"><\/div><\/figure><\/div><div class=\"swiper-slide\" role=\"group\" aria-roledescription=\"slide\" aria-label=\"2 of 3\"><figure class=\"swiper-slide-inner\"><img class=\"swiper-slide-image swiper-lazy\" data-src=\"https:\/\/altes-maedchen.com\/wp-content\/uploads\/2023\/03\/Brauereifuehrung_Impression_2_Bar.jpeg\" alt=\"Brauereifuehrung_Impression_2_Bar\" \/><div class=\"swiper-lazy-preloader\"><\/div><\/figure><\/div><div class=\"swiper-slide\" role=\"group\" aria-roledescription=\"slide\" aria-label=\"3 of 3\"><figure class=\"swiper-slide-inner\"><img class=\"swiper-slide-image swiper-lazy\" data-src=\"https:\/\/altes-maedchen.com\/wp-content\/uploads\/2023\/03\/Brauereifuehrung_Impression_Food_and_Beer-2048x1365.jpeg\" alt=\"Brauereifuehrung_Impression_Food_and_Beer\" \/><div class=\"swiper-lazy-preloader\"><\/div><\/figure><\/div>\t\t\t<\/div>\n\t\t\t\t\t\t\t\n\t\t\t\t\t\t\t\t\t<div class=\"swiper-pagination\"><\/div>\n\t\t\t\t\t\t\t\t\t<\/div>\n\t\t\t\t\t\t<\/div>\n\t\t\t\t<\/div>\n\t\t\t\t<div class=\"elementor-element elementor-element-30cd858 elementor-widget elementor-widget-text-editor\" data-id=\"30cd858\" data-element_type=\"widget\" data-e-type=\"widget\" data-widget_type=\"text-editor.default\">\n\t\t\t\t<div class=\"elementor-widget-container\">\n\t\t\t\t\t\t\t\t\t<p>Die Gr\u00fcndung der Ratsherrn Brauerei 2012 war der Startschuss f\u00fcr vieles, was wir an der heutigen Hamburger-Bier-Kultur so sch\u00e4tzen. Beste Hopfentropfen \u2013 einer au\u00dfergew\u00f6hnlicher als der andere \u2013 entstehen t\u00e4glich in den Braukesseln der Brauerei hier in den Schanzenh\u00f6fen. Kaum verwunderlich, dass Ratsherrn eine Top-Platzierung in der Liste unserer Lieblingsnachbarn einnimmt.<\/p>\t\t\t\t\t\t\t\t<\/div>\n\t\t\t\t<\/div>\n\t\t\t\t<div class=\"elementor-element elementor-element-9e88b30 elementor-widget elementor-widget-heading\" data-id=\"9e88b30\" data-element_type=\"widget\" data-e-type=\"widget\" data-widget_type=\"heading.default\">\n\t\t\t\t<div class=\"elementor-widget-container\">\n\t\t\t\t\t<h3 class=\"elementor-heading-title elementor-size-default\">RATSHERRN BRAUEREIF\u00dcHRUNG: WERFT EINEN BLICK IN DIE BRAUKESSEL\n<\/h3>\t\t\t\t<\/div>\n\t\t\t\t<\/div>\n\t\t\t\t<div class=\"elementor-element elementor-element-a7b3951 elementor-widget elementor-widget-text-editor\" data-id=\"a7b3951\" data-element_type=\"widget\" data-e-type=\"widget\" data-widget_type=\"text-editor.default\">\n\t\t\t\t<div class=\"elementor-widget-container\">\n\t\t\t\t\t\t\t\t\t<p>Ihr seid genauso begeisterte Ratsherrn-Fans wie wir? Dann wagt einen Blick hinter die Kulissen der Kreativbrauerei und nehmt an einer Brauereif\u00fchrung teil. Die gibt es in einer kurzen, einer langen und \u2013 falls Ihr keine fremden Biertrinker neben Euch duldet \u2013 einer privaten Version.<\/p><p>Weitertrinken erw\u00fcnscht: Lasst Euren Ausflug bei uns im Braugasthaus Altes M\u00e4dchen ausklingen, nat\u00fcrlich mit weiteren toll gebrauten Hopfensch\u00e4tze und leckerem Essen.<\/p>\t\t\t\t\t\t\t\t<\/div>\n\t\t\t\t<\/div>\n\t\t\t\t<div class=\"elementor-element elementor-element-3529e1f elementor-widget elementor-widget-heading\" data-id=\"3529e1f\" data-element_type=\"widget\" data-e-type=\"widget\" data-widget_type=\"heading.default\">\n\t\t\t\t<div class=\"elementor-widget-container\">\n\t\t\t\t\t<h3 class=\"elementor-heading-title elementor-size-default\">MEHR INFOS\n<\/h3>\t\t\t\t<\/div>\n\t\t\t\t<\/div>\n\t\t\t\t<div class=\"elementor-element elementor-element-7469ea8 elementor-widget elementor-widget-text-editor\" data-id=\"7469ea8\" data-element_type=\"widget\" data-e-type=\"widget\" data-widget_type=\"text-editor.default\">\n\t\t\t\t<div class=\"elementor-widget-container\">\n\t\t\t\t\t\t\t\t\t<p>Mehr Informationen zu den verschiedenen Brauereif\u00fchrungen findet Ihr <a href=\"https:\/\/ratsherrn.de\/unsere-fuehrungen\/\" target=\"_blank\" rel=\"noopener\">auf der Website der Ratsherrn Brauerei.<\/a><\/p>\t\t\t\t\t\t\t\t<\/div>\n\t\t\t\t<\/div>\n\t\t\t\t\t<\/div>\n\t\t\t\t<\/div>\n\t\t<div data-dce-background-color=\"#212529\" data-dce-background-image-url=\"https:\/\/altes-maedchen.com\/wp-content\/uploads\/2023\/03\/Brauereifuehrung_Section_Image_Bier.jpeg\" class=\"elementor-element elementor-element-aef078b e-flex e-con-boxed e-con e-parent\" data-id=\"aef078b\" data-element_type=\"container\" data-e-type=\"container\" data-settings=\"{&quot;background_background&quot;:&quot;classic&quot;}\">\n\t\t\t\t\t<div class=\"e-con-inner\">\n\t\t\t\t\t<\/div>\n\t\t\t\t<\/div>\n\t\t<div class=\"elementor-element elementor-element-caef3c5 e-flex e-con-boxed e-con e-parent\" data-id=\"caef3c5\" data-element_type=\"container\" data-e-type=\"container\" data-settings=\"{&quot;background_background&quot;:&quot;classic&quot;}\">\n\t\t\t\t\t<div class=\"e-con-inner\">\n\t\t<a class=\"elementor-element elementor-element-ce03b58 e-con-full e-flex e-con e-child\" data-id=\"ce03b58\" data-element_type=\"container\" data-e-type=\"container\" data-settings=\"{&quot;background_background&quot;:&quot;classic&quot;}\" href=\"https:\/\/altes-maedchen.com\/en\/beerkeeper\/\">\n\t\t\t\t<div class=\"elementor-element elementor-element-03147a0 elementor-widget elementor-widget-image\" data-id=\"03147a0\" data-element_type=\"widget\" data-e-type=\"widget\" data-widget_type=\"image.default\">\n\t\t\t\t<div class=\"elementor-widget-container\">\n\t\t\t\t\t\t\t\t\t\t\t\t\t\t\t<img decoding=\"async\" width=\"800\" height=\"533\" src=\"https:\/\/altes-maedchen.com\/wp-content\/uploads\/2023\/03\/Beerkeeper_Frau_mit_Glas.jpeg\" class=\"attachment-large size-large wp-image-876\" alt=\"\" srcset=\"https:\/\/altes-maedchen.com\/wp-content\/uploads\/2023\/03\/Beerkeeper_Frau_mit_Glas.jpeg 800w, https:\/\/altes-maedchen.com\/wp-content\/uploads\/2023\/03\/Beerkeeper_Frau_mit_Glas-300x200.jpeg 300w, https:\/\/altes-maedchen.com\/wp-content\/uploads\/2023\/03\/Beerkeeper_Frau_mit_Glas-768x512.jpeg 768w, https:\/\/altes-maedchen.com\/wp-content\/uploads\/2023\/03\/Beerkeeper_Frau_mit_Glas-18x12.jpeg 18w\" sizes=\"(max-width: 800px) 100vw, 800px\" \/>\t\t\t\t\t\t\t\t\t\t\t\t\t\t\t<\/div>\n\t\t\t\t<\/div>\n\t\t<div class=\"elementor-element elementor-element-c88a140 e-flex e-con-boxed e-con e-child\" data-id=\"c88a140\" data-element_type=\"container\" data-e-type=\"container\" data-settings=\"{&quot;background_background&quot;:&quot;classic&quot;}\">\n\t\t\t\t\t<div class=\"e-con-inner\">\n\t\t\t\t<div class=\"elementor-element elementor-element-06587b9 elementor-widget elementor-widget-heading\" data-id=\"06587b9\" data-element_type=\"widget\" data-e-type=\"widget\" data-widget_type=\"heading.default\">\n\t\t\t\t<div class=\"elementor-widget-container\">\n\t\t\t\t\t<span class=\"elementor-heading-title elementor-size-default\">Institut f\u00fcr Bierkultur<\/span>\t\t\t\t<\/div>\n\t\t\t\t<\/div>\n\t\t\t\t<div class=\"elementor-element elementor-element-b97174e elementor-widget elementor-widget-heading\" data-id=\"b97174e\" data-element_type=\"widget\" data-e-type=\"widget\" data-widget_type=\"heading.default\">\n\t\t\t\t<div class=\"elementor-widget-container\">\n\t\t\t\t\t<h2 class=\"elementor-heading-title elementor-size-default\">BeerKeeper\u00ae<\/h2>\t\t\t\t<\/div>\n\t\t\t\t<\/div>\n\t\t\t\t<div class=\"elementor-element elementor-element-6b8741a elementor-widget elementor-widget-text-editor\" data-id=\"6b8741a\" data-element_type=\"widget\" data-e-type=\"widget\" data-widget_type=\"text-editor.default\">\n\t\t\t\t<div class=\"elementor-widget-container\">\n\t\t\t\t\t\t\t\t\t<p>Erweckt den Bier-Nerd in Euch: Das Institut f\u00fcr Bierkultur bietet Euch bei uns tolle Kurse rund ums Thema Bier an.<\/p>\t\t\t\t\t\t\t\t<\/div>\n\t\t\t\t<\/div>\n\t\t\t\t\t<\/div>\n\t\t\t\t<\/div>\n\t\t<div class=\"elementor-element elementor-element-992a909 e-flex e-con-boxed e-con e-child\" data-id=\"992a909\" data-element_type=\"container\" data-e-type=\"container\" data-settings=\"{&quot;background_background&quot;:&quot;classic&quot;,&quot;position&quot;:&quot;absolute&quot;}\">\n\t\t\t\t\t<div class=\"e-con-inner\">\n\t\t<div class=\"elementor-element elementor-element-c84fb15 hov e-transform e-flex e-con-boxed e-con e-child\" data-id=\"c84fb15\" data-element_type=\"container\" data-e-type=\"container\" data-settings=\"{&quot;background_background&quot;:&quot;classic&quot;,&quot;position&quot;:&quot;absolute&quot;,&quot;_transform_translateY_effect&quot;:{&quot;unit&quot;:&quot;%&quot;,&quot;size&quot;:101,&quot;sizes&quot;:[]},&quot;_transform_translateY_effect_tablet&quot;:{&quot;unit&quot;:&quot;%&quot;,&quot;size&quot;:&quot;&quot;,&quot;sizes&quot;:[]},&quot;_transform_translateY_effect_mobile&quot;:{&quot;unit&quot;:&quot;%&quot;,&quot;size&quot;:&quot;&quot;,&quot;sizes&quot;:[]},&quot;_transform_translateX_effect&quot;:{&quot;unit&quot;:&quot;px&quot;,&quot;size&quot;:&quot;&quot;,&quot;sizes&quot;:[]},&quot;_transform_translateX_effect_tablet&quot;:{&quot;unit&quot;:&quot;px&quot;,&quot;size&quot;:&quot;&quot;,&quot;sizes&quot;:[]},&quot;_transform_translateX_effect_mobile&quot;:{&quot;unit&quot;:&quot;px&quot;,&quot;size&quot;:&quot;&quot;,&quot;sizes&quot;:[]}}\">\n\t\t\t\t\t<div class=\"e-con-inner\">\n\t\t\t\t<div class=\"elementor-element elementor-element-e9e2c7b elementor-widget elementor-widget-heading\" data-id=\"e9e2c7b\" data-element_type=\"widget\" data-e-type=\"widget\" data-widget_type=\"heading.default\">\n\t\t\t\t<div class=\"elementor-widget-container\">\n\t\t\t\t\t<span class=\"elementor-heading-title elementor-size-default\">Event details ansehen<\/span>\t\t\t\t<\/div>\n\t\t\t\t<\/div>\n\t\t\t\t\t<\/div>\n\t\t\t\t<\/div>\n\t\t\t\t\t<\/div>\n\t\t\t\t<\/div>\n\t\t\t\t<\/a>\n\t\t<a class=\"elementor-element elementor-element-accd1f0 e-con-full e-flex e-con e-child\" data-id=\"accd1f0\" data-element_type=\"container\" data-e-type=\"container\" data-settings=\"{&quot;background_background&quot;:&quot;classic&quot;}\" href=\"https:\/\/altes-maedchen.com\/en\/sitt-satt\/\">\n\t\t\t\t<div class=\"elementor-element elementor-element-b23f96f elementor-widget elementor-widget-image\" data-id=\"b23f96f\" data-element_type=\"widget\" data-e-type=\"widget\" data-widget_type=\"image.default\">\n\t\t\t\t<div class=\"elementor-widget-container\">\n\t\t\t\t\t\t\t\t\t\t\t\t\t\t\t<img decoding=\"async\" width=\"800\" height=\"534\" src=\"https:\/\/altes-maedchen.com\/wp-content\/uploads\/2023\/03\/Sitt_und_Satt_4_Bier_einschenken-1024x683.jpeg\" class=\"attachment-large size-large wp-image-885\" alt=\"\" srcset=\"https:\/\/altes-maedchen.com\/wp-content\/uploads\/2023\/03\/Sitt_und_Satt_4_Bier_einschenken-1024x683.jpeg 1024w, https:\/\/altes-maedchen.com\/wp-content\/uploads\/2023\/03\/Sitt_und_Satt_4_Bier_einschenken-300x200.jpeg 300w, https:\/\/altes-maedchen.com\/wp-content\/uploads\/2023\/03\/Sitt_und_Satt_4_Bier_einschenken-768x512.jpeg 768w, https:\/\/altes-maedchen.com\/wp-content\/uploads\/2023\/03\/Sitt_und_Satt_4_Bier_einschenken-1536x1024.jpeg 1536w, https:\/\/altes-maedchen.com\/wp-content\/uploads\/2023\/03\/Sitt_und_Satt_4_Bier_einschenken-18x12.jpeg 18w, https:\/\/altes-maedchen.com\/wp-content\/uploads\/2023\/03\/Sitt_und_Satt_4_Bier_einschenken.jpeg 1680w\" sizes=\"(max-width: 800px) 100vw, 800px\" \/>\t\t\t\t\t\t\t\t\t\t\t\t\t\t\t<\/div>\n\t\t\t\t<\/div>\n\t\t<div class=\"elementor-element elementor-element-3542ca5 e-flex e-con-boxed e-con e-child\" data-id=\"3542ca5\" data-element_type=\"container\" data-e-type=\"container\" data-settings=\"{&quot;background_background&quot;:&quot;classic&quot;}\">\n\t\t\t\t\t<div class=\"e-con-inner\">\n\t\t\t\t<div class=\"elementor-element elementor-element-b251e66 elementor-widget elementor-widget-heading\" data-id=\"b251e66\" data-element_type=\"widget\" data-e-type=\"widget\" data-widget_type=\"heading.default\">\n\t\t\t\t<div class=\"elementor-widget-container\">\n\t\t\t\t\t<span class=\"elementor-heading-title elementor-size-default\">Altes M\u00e4dchen<\/span>\t\t\t\t<\/div>\n\t\t\t\t<\/div>\n\t\t\t\t<div class=\"elementor-element elementor-element-e84a00d elementor-widget elementor-widget-heading\" data-id=\"e84a00d\" data-element_type=\"widget\" data-e-type=\"widget\" data-widget_type=\"heading.default\">\n\t\t\t\t<div class=\"elementor-widget-container\">\n\t\t\t\t\t<h2 class=\"elementor-heading-title elementor-size-default\">Privat: Sitt &amp; Satt<\/h2>\t\t\t\t<\/div>\n\t\t\t\t<\/div>\n\t\t\t\t<div class=\"elementor-element elementor-element-eb693d6 elementor-widget elementor-widget-text-editor\" data-id=\"eb693d6\" data-element_type=\"widget\" data-e-type=\"widget\" data-widget_type=\"text-editor.default\">\n\t\t\t\t<div class=\"elementor-widget-container\">\n\t\t\t\t\t\t\t\t\t<p>Genie\u00dft unsere mehrg\u00e4ngigen Foodpairing-Men\u00fcs: Wir kombinieren f\u00fcr Euch feine Gerichte aus unserer K\u00fcche mit passenden Bieren.<\/p>\t\t\t\t\t\t\t\t<\/div>\n\t\t\t\t<\/div>\n\t\t\t\t\t<\/div>\n\t\t\t\t<\/div>\n\t\t<div class=\"elementor-element elementor-element-ef42c7d e-flex e-con-boxed e-con e-child\" data-id=\"ef42c7d\" data-element_type=\"container\" data-e-type=\"container\" data-settings=\"{&quot;background_background&quot;:&quot;classic&quot;,&quot;position&quot;:&quot;absolute&quot;}\">\n\t\t\t\t\t<div class=\"e-con-inner\">\n\t\t<div class=\"elementor-element elementor-element-25ea084 hov e-transform e-flex e-con-boxed e-con e-child\" data-id=\"25ea084\" data-element_type=\"container\" data-e-type=\"container\" data-settings=\"{&quot;background_background&quot;:&quot;classic&quot;,&quot;position&quot;:&quot;absolute&quot;,&quot;_transform_translateY_effect&quot;:{&quot;unit&quot;:&quot;%&quot;,&quot;size&quot;:101,&quot;sizes&quot;:[]},&quot;_transform_translateY_effect_tablet&quot;:{&quot;unit&quot;:&quot;%&quot;,&quot;size&quot;:&quot;&quot;,&quot;sizes&quot;:[]},&quot;_transform_translateY_effect_mobile&quot;:{&quot;unit&quot;:&quot;%&quot;,&quot;size&quot;:&quot;&quot;,&quot;sizes&quot;:[]},&quot;_transform_translateX_effect&quot;:{&quot;unit&quot;:&quot;px&quot;,&quot;size&quot;:&quot;&quot;,&quot;sizes&quot;:[]},&quot;_transform_translateX_effect_tablet&quot;:{&quot;unit&quot;:&quot;px&quot;,&quot;size&quot;:&quot;&quot;,&quot;sizes&quot;:[]},&quot;_transform_translateX_effect_mobile&quot;:{&quot;unit&quot;:&quot;px&quot;,&quot;size&quot;:&quot;&quot;,&quot;sizes&quot;:[]}}\">\n\t\t\t\t\t<div class=\"e-con-inner\">\n\t\t\t\t<div class=\"elementor-element elementor-element-6c75514 elementor-widget elementor-widget-heading\" data-id=\"6c75514\" data-element_type=\"widget\" data-e-type=\"widget\" data-widget_type=\"heading.default\">\n\t\t\t\t<div class=\"elementor-widget-container\">\n\t\t\t\t\t<span class=\"elementor-heading-title elementor-size-default\">Event details ansehen<\/span>\t\t\t\t<\/div>\n\t\t\t\t<\/div>\n\t\t\t\t\t<\/div>\n\t\t\t\t<\/div>\n\t\t\t\t\t<\/div>\n\t\t\t\t<\/div>\n\t\t\t\t<\/a>\n\t\t\t\t\t<\/div>\n\t\t\t\t<\/div>\n\t\t\t\t<\/div>","protected":false},"excerpt":{"rendered":"<p>This is where the magic happens RATSHERRN BRAUEREIF\u00dcHRUNG Die Gr\u00fcndung der Ratsherrn Brauerei 2012 war der Startschuss f\u00fcr vieles, was wir an der heutigen Hamburger-Bier-Kultur so sch\u00e4tzen. Beste Hopfentropfen \u2013 einer au\u00dfergew\u00f6hnlicher als der andere \u2013 entstehen t\u00e4glich in den Braukesseln der Brauerei hier in den Schanzenh\u00f6fen. Kaum verwunderlich, dass Ratsherrn eine Top-Platzierung in der [&hellip;]<\/p>\n","protected":false},"author":1,"featured_media":0,"parent":0,"menu_order":0,"comment_status":"closed","ping_status":"closed","template":"elementor_header_footer","meta":{"footnotes":""},"class_list":["post-656","page","type-page","status-publish","hentry"],"_links":{"self":[{"href":"https:\/\/altes-maedchen.com\/en\/wp-json\/wp\/v2\/pages\/656","targetHints":{"allow":["GET"]}}],"collection":[{"href":"https:\/\/altes-maedchen.com\/en\/wp-json\/wp\/v2\/pages"}],"about":[{"href":"https:\/\/altes-maedchen.com\/en\/wp-json\/wp\/v2\/types\/page"}],"author":[{"embeddable":true,"href":"https:\/\/altes-maedchen.com\/en\/wp-json\/wp\/v2\/users\/1"}],"replies":[{"embeddable":true,"href":"https:\/\/altes-maedchen.com\/en\/wp-json\/wp\/v2\/comments?post=656"}],"version-history":[{"count":23,"href":"https:\/\/altes-maedchen.com\/en\/wp-json\/wp\/v2\/pages\/656\/revisions"}],"predecessor-version":[{"id":4781,"href":"https:\/\/altes-maedchen.com\/en\/wp-json\/wp\/v2\/pages\/656\/revisions\/4781"}],"wp:attachment":[{"href":"https:\/\/altes-maedchen.com\/en\/wp-json\/wp\/v2\/media?parent=656"}],"curies":[{"name":"wp","href":"https:\/\/api.w.org\/{rel}","templated":true}]}}