{"id":651,"date":"2023-03-18T15:26:20","date_gmt":"2023-03-18T14:26:20","guid":{"rendered":"https:\/\/altes-maedchen.nicolasgrimm.ch\/?page_id=651"},"modified":"2026-04-29T11:25:11","modified_gmt":"2026-04-29T09:25:11","slug":"oeffnungszeiten","status":"publish","type":"page","link":"https:\/\/altes-maedchen.com\/en\/oeffnungszeiten\/","title":{"rendered":"Opening Hours"},"content":{"rendered":"<div data-elementor-type=\"wp-page\" data-elementor-id=\"651\" class=\"elementor elementor-651\" data-elementor-post-type=\"page\">\n\t\t\t\t<div data-dce-background-color=\"#212529\" data-dce-background-image-url=\"https:\/\/altes-maedchen.com\/wp-content\/uploads\/2023\/03\/Oeffungszeite_Feuer_hero.jpeg\" class=\"elementor-element elementor-element-dbd4064 e-flex e-con-boxed e-con e-parent\" data-id=\"dbd4064\" data-element_type=\"container\" data-e-type=\"container\" data-settings=\"{&quot;background_background&quot;:&quot;classic&quot;}\">\n\t\t\t\t\t<div class=\"e-con-inner\">\n\t\t\t\t<div class=\"elementor-element elementor-element-ccab48f elementor-widget elementor-widget-image\" data-id=\"ccab48f\" data-element_type=\"widget\" data-e-type=\"widget\" data-widget_type=\"image.default\">\n\t\t\t\t<div class=\"elementor-widget-container\">\n\t\t\t\t\t\t\t\t\t\t\t\t\t\t\t\t<a href=\"https:\/\/altes-maedchen.com\/en\">\n\t\t\t\t\t\t\t<img fetchpriority=\"high\" decoding=\"async\" width=\"768\" height=\"543\" src=\"https:\/\/altes-maedchen.com\/wp-content\/uploads\/2023\/06\/AMB_RH_Logo_weiss_HIGHRES-768x543.png\" class=\"attachment-medium_large size-medium_large wp-image-2575\" alt=\"\" srcset=\"https:\/\/altes-maedchen.com\/wp-content\/uploads\/2023\/06\/AMB_RH_Logo_weiss_HIGHRES-768x543.png 768w, https:\/\/altes-maedchen.com\/wp-content\/uploads\/2023\/06\/AMB_RH_Logo_weiss_HIGHRES-300x212.png 300w, https:\/\/altes-maedchen.com\/wp-content\/uploads\/2023\/06\/AMB_RH_Logo_weiss_HIGHRES-1024x724.png 1024w, https:\/\/altes-maedchen.com\/wp-content\/uploads\/2023\/06\/AMB_RH_Logo_weiss_HIGHRES-1536x1086.png 1536w, https:\/\/altes-maedchen.com\/wp-content\/uploads\/2023\/06\/AMB_RH_Logo_weiss_HIGHRES-2048x1448.png 2048w, https:\/\/altes-maedchen.com\/wp-content\/uploads\/2023\/06\/AMB_RH_Logo_weiss_HIGHRES-18x12.png 18w\" sizes=\"(max-width: 768px) 100vw, 768px\" \/>\t\t\t\t\t\t\t\t<\/a>\n\t\t\t\t\t\t\t\t\t\t\t\t\t\t\t<\/div>\n\t\t\t\t<\/div>\n\t\t\t\t\t<\/div>\n\t\t\t\t<\/div>\n\t\t<div class=\"elementor-element elementor-element-d484344 e-con-full e-flex e-con e-parent\" data-id=\"d484344\" data-element_type=\"container\" data-e-type=\"container\">\n\t\t<div class=\"elementor-element elementor-element-c974504 e-flex e-con-boxed e-con e-child\" data-id=\"c974504\" data-element_type=\"container\" data-e-type=\"container\">\n\t\t\t\t\t<div class=\"e-con-inner\">\n\t\t\t\t<div class=\"elementor-element elementor-element-fdf695c elementor-widget__width-inherit elementor-widget elementor-widget-heading\" data-id=\"fdf695c\" data-element_type=\"widget\" data-e-type=\"widget\" data-widget_type=\"heading.default\">\n\t\t\t\t<div class=\"elementor-widget-container\">\n\t\t\t\t\t<span class=\"elementor-heading-title elementor-size-default\">It's always beer o'clock\n<\/span>\t\t\t\t<\/div>\n\t\t\t\t<\/div>\n\t\t\t\t<div class=\"elementor-element elementor-element-fcfa859 elementor-widget__width-inherit elementor-widget elementor-widget-heading\" data-id=\"fcfa859\" data-element_type=\"widget\" data-e-type=\"widget\" data-widget_type=\"heading.default\">\n\t\t\t\t<div class=\"elementor-widget-container\">\n\t\t\t\t\t<h1 class=\"elementor-heading-title elementor-size-default\">OPENING HOURS<\/h1>\t\t\t\t<\/div>\n\t\t\t\t<\/div>\n\t\t\t\t<div class=\"elementor-element elementor-element-c9d2c99 elementor-widget__width-inherit elementor-widget elementor-widget-image\" data-id=\"c9d2c99\" data-element_type=\"widget\" data-e-type=\"widget\" data-widget_type=\"image.default\">\n\t\t\t\t<div class=\"elementor-widget-container\">\n\t\t\t\t\t\t\t\t\t\t\t\t\t\t\t<img decoding=\"async\" width=\"76\" height=\"68\" src=\"https:\/\/altes-maedchen.com\/wp-content\/uploads\/2023\/03\/oeffnungszeite_icon.png\" class=\"attachment-thumbnail size-thumbnail wp-image-768\" alt=\"\" srcset=\"https:\/\/altes-maedchen.com\/wp-content\/uploads\/2023\/03\/oeffnungszeite_icon.png 76w, https:\/\/altes-maedchen.com\/wp-content\/uploads\/2023\/03\/oeffnungszeite_icon-13x12.png 13w\" sizes=\"(max-width: 76px) 100vw, 76px\" \/>\t\t\t\t\t\t\t\t\t\t\t\t\t\t\t<\/div>\n\t\t\t\t<\/div>\n\t\t<div class=\"elementor-element elementor-element-b3b4f7d e-con-full e-flex e-con e-child\" data-id=\"b3b4f7d\" data-element_type=\"container\" data-e-type=\"container\">\n\t\t\t\t<div class=\"elementor-element elementor-element-07fc0cf elementor-widget__width-inherit elementor-widget elementor-widget-heading\" data-id=\"07fc0cf\" data-element_type=\"widget\" data-e-type=\"widget\" data-widget_type=\"heading.default\">\n\t\t\t\t<div class=\"elementor-widget-container\">\n\t\t\t\t\t<h2 class=\"elementor-heading-title elementor-size-default\">OPENING HOURS<\/h2>\t\t\t\t<\/div>\n\t\t\t\t<\/div>\n\t\t\t\t<div class=\"elementor-element elementor-element-c3c310a elementor-widget elementor-widget-text-editor\" data-id=\"c3c310a\" data-element_type=\"widget\" data-e-type=\"widget\" data-widget_type=\"text-editor.default\">\n\t\t\t\t<div class=\"elementor-widget-container\">\n\t\t\t\t\t\t\t\t\t<p><strong>Montag \u2013 Donnerstag: <br \/><\/strong>12:00 \u2013 16:00 Uhr Mittagskarte &amp; Mittagsbuffet<br \/>17:00 \u2013 22:00 Uhr Abendkarte\u00a0<br \/><strong><br \/><\/strong><b>Freitag: <\/b>12:00 \u2013 15:00 Uhr Mittagskarte &amp; Mittagsbuffet, 16:00 \u2013 22:30 Uhr Abendkarte\u00a0<\/p><p><strong>Samstag: <\/strong>12:00 \u2013 22:30 Uhr Abendkarte\u00a0<\/p><p><strong>Sunday<\/strong>: <br \/>12:00 \u2013 20:30 Uhr Abendkarte\u00a0<\/p>\t\t\t\t\t\t\t\t<\/div>\n\t\t\t\t<\/div>\n\t\t\t\t<\/div>\n\t\t\t\t<div data-dce-background-color=\"#00000000\" class=\"elementor-element elementor-element-264ecc2 elementor-align-center elementor-widget__width-inherit elementor-widget elementor-widget-button\" data-id=\"264ecc2\" data-element_type=\"widget\" data-e-type=\"widget\" data-widget_type=\"button.default\">\n\t\t\t\t<div class=\"elementor-widget-container\">\n\t\t\t\t\t\t\t\t\t<div class=\"elementor-button-wrapper\">\n\t\t\t\t\t<a class=\"elementor-button elementor-button-link elementor-size-sm\" href=\"https:\/\/altes-maedchen.com\/en\/reservierung\/\" target=\"_blank\">\n\t\t\t\t\t\t<span class=\"elementor-button-content-wrapper\">\n\t\t\t\t\t\t\t\t\t<span class=\"elementor-button-text\">Book a Table<\/span>\n\t\t\t\t\t<\/span>\n\t\t\t\t\t<\/a>\n\t\t\t\t<\/div>\n\t\t\t\t\t\t\t\t<\/div>\n\t\t\t\t<\/div>\n\t\t\t\t\t<\/div>\n\t\t\t\t<\/div>\n\t\t\t\t<\/div>\n\t\t<div class=\"elementor-element elementor-element-e07acbb e-flex e-con-boxed e-con e-parent\" data-id=\"e07acbb\" data-element_type=\"container\" data-e-type=\"container\" data-settings=\"{&quot;background_background&quot;:&quot;classic&quot;}\">\n\t\t\t\t\t<div class=\"e-con-inner\">\n\t\t<a class=\"elementor-element elementor-element-b605516 e-con-full e-flex e-con e-child\" data-id=\"b605516\" data-element_type=\"container\" data-e-type=\"container\" href=\"https:\/\/goo.gl\/maps\/AaW2Ro5t4oz\" target=\"_blank\" rel=\"nofollow\">\n\t\t\t\t<div class=\"elementor-element elementor-element-61338dc elementor-widget elementor-widget-image\" data-id=\"61338dc\" data-element_type=\"widget\" data-e-type=\"widget\" data-widget_type=\"image.default\">\n\t\t\t\t<div class=\"elementor-widget-container\">\n\t\t\t\t\t\t\t\t\t\t\t\t\t\t\t<img decoding=\"async\" width=\"768\" height=\"513\" src=\"https:\/\/altes-maedchen.com\/wp-content\/uploads\/2023\/03\/Oeffnungszeiten_Hamburger_Schaenzen.jpeg\" class=\"attachment-large size-large wp-image-2409\" alt=\"\" srcset=\"https:\/\/altes-maedchen.com\/wp-content\/uploads\/2023\/03\/Oeffnungszeiten_Hamburger_Schaenzen.jpeg 768w, https:\/\/altes-maedchen.com\/wp-content\/uploads\/2023\/03\/Oeffnungszeiten_Hamburger_Schaenzen-300x200.jpeg 300w, https:\/\/altes-maedchen.com\/wp-content\/uploads\/2023\/03\/Oeffnungszeiten_Hamburger_Schaenzen-18x12.jpeg 18w\" sizes=\"(max-width: 768px) 100vw, 768px\" \/>\t\t\t\t\t\t\t\t\t\t\t\t\t\t\t<\/div>\n\t\t\t\t<\/div>\n\t\t<div class=\"elementor-element elementor-element-66a6f9d e-flex e-con-boxed e-con e-child\" data-id=\"66a6f9d\" data-element_type=\"container\" data-e-type=\"container\" data-settings=\"{&quot;background_background&quot;:&quot;classic&quot;}\">\n\t\t\t\t\t<div class=\"e-con-inner\">\n\t\t\t\t<div class=\"elementor-element elementor-element-8da8cad elementor-widget elementor-widget-heading\" data-id=\"8da8cad\" data-element_type=\"widget\" data-e-type=\"widget\" data-widget_type=\"heading.default\">\n\t\t\t\t<div class=\"elementor-widget-container\">\n\t\t\t\t\t<h2 class=\"elementor-heading-title elementor-size-default\">FIND US IN THE\nHAMBURG SCHANZENH\u00d6FEN<\/h2>\t\t\t\t<\/div>\n\t\t\t\t<\/div>\n\t\t\t\t<div class=\"elementor-element elementor-element-d44c7ad elementor-widget elementor-widget-text-editor\" data-id=\"d44c7ad\" data-element_type=\"widget\" data-e-type=\"widget\" data-widget_type=\"text-editor.default\">\n\t\t\t\t<div class=\"elementor-widget-container\">\n\t\t\t\t\t\t\t\t\t<p><strong>Ratsherrn Braugasthaus Altes M\u00e4dchen<\/strong><br \/>Lagerstra\u00dfe 28b<br \/>20357 Hamburg<\/p>\t\t\t\t\t\t\t\t<\/div>\n\t\t\t\t<\/div>\n\t\t\t\t\t<\/div>\n\t\t\t\t<\/div>\n\t\t<div class=\"elementor-element elementor-element-c9b381d e-flex e-con-boxed e-con e-child\" data-id=\"c9b381d\" data-element_type=\"container\" data-e-type=\"container\" data-settings=\"{&quot;background_background&quot;:&quot;classic&quot;}\">\n\t\t\t\t\t<div class=\"e-con-inner\">\n\t\t\t\t<div class=\"elementor-element elementor-element-d813691 elementor-widget elementor-widget-text-editor\" data-id=\"d813691\" data-element_type=\"widget\" data-e-type=\"widget\" data-widget_type=\"text-editor.default\">\n\t\t\t\t<div class=\"elementor-widget-container\">\n\t\t\t\t\t\t\t\t\t<p><strong>Haltestelle Sternschanze (Messe)<\/strong><\/p><p>U- und S-Bahnen: U3, S11, S21, S31<br \/>Buslinien: 15, 181<br \/><em>The bus stop is barrier-free.<\/em><\/p>\t\t\t\t\t\t\t\t<\/div>\n\t\t\t\t<\/div>\n\t\t\t\t\t<\/div>\n\t\t\t\t<\/div>\n\t\t\t\t<div class=\"elementor-element elementor-element-d131ac3 elementor-widget__width-inherit elementor-widget elementor-widget-heading\" data-id=\"d131ac3\" data-element_type=\"widget\" data-e-type=\"widget\" data-widget_type=\"heading.default\">\n\t\t\t\t<div class=\"elementor-widget-container\">\n\t\t\t\t\t<span class=\"elementor-heading-title elementor-size-default\">Route berechnen<\/span>\t\t\t\t<\/div>\n\t\t\t\t<\/div>\n\t\t\t\t<\/a>\n\t\t\t\t\t<\/div>\n\t\t\t\t<\/div>\n\t\t\t\t<\/div>","protected":false},"excerpt":{"rendered":"<p>It&#8217;s always beer o&#8217;clock \u00d6FFNUNGSZEITEN \u00d6FFNUNGSZEITEN Montag \u2013 Donnerstag: 12:00 \u2013 16:00 Uhr Mittagskarte &amp; Mittagsbuffet17:00 \u2013 22:00 Uhr Abendkarte\u00a0Freitag: 12:00 \u2013 15:00 Uhr Mittagskarte &amp; Mittagsbuffet, 16:00 \u2013 22:30 Uhr Abendkarte\u00a0 Samstag: 12:00 \u2013 22:30 Uhr Abendkarte\u00a0 Sonntag: 12:00 \u2013 20:30 Uhr Abendkarte\u00a0 Reservieren UNS GIBT\u2018S IN DEN HAMBURGER SCHANZENH\u00d6FEN Ratsherrn Braugasthaus Altes M\u00e4dchenLagerstra\u00dfe [&hellip;]<\/p>\n","protected":false},"author":1,"featured_media":0,"parent":0,"menu_order":0,"comment_status":"closed","ping_status":"closed","template":"elementor_header_footer","meta":{"footnotes":""},"class_list":["post-651","page","type-page","status-publish","hentry"],"_links":{"self":[{"href":"https:\/\/altes-maedchen.com\/en\/wp-json\/wp\/v2\/pages\/651","targetHints":{"allow":["GET"]}}],"collection":[{"href":"https:\/\/altes-maedchen.com\/en\/wp-json\/wp\/v2\/pages"}],"about":[{"href":"https:\/\/altes-maedchen.com\/en\/wp-json\/wp\/v2\/types\/page"}],"author":[{"embeddable":true,"href":"https:\/\/altes-maedchen.com\/en\/wp-json\/wp\/v2\/users\/1"}],"replies":[{"embeddable":true,"href":"https:\/\/altes-maedchen.com\/en\/wp-json\/wp\/v2\/comments?post=651"}],"version-history":[{"count":56,"href":"https:\/\/altes-maedchen.com\/en\/wp-json\/wp\/v2\/pages\/651\/revisions"}],"predecessor-version":[{"id":5621,"href":"https:\/\/altes-maedchen.com\/en\/wp-json\/wp\/v2\/pages\/651\/revisions\/5621"}],"wp:attachment":[{"href":"https:\/\/altes-maedchen.com\/en\/wp-json\/wp\/v2\/media?parent=651"}],"curies":[{"name":"wp","href":"https:\/\/api.w.org\/{rel}","templated":true}]}}