{"id":648,"date":"2023-03-18T15:26:20","date_gmt":"2023-03-18T14:26:20","guid":{"rendered":"https:\/\/altes-maedchen.nicolasgrimm.ch\/?page_id=648"},"modified":"2024-06-14T08:40:10","modified_gmt":"2024-06-14T06:40:10","slug":"getraenke","status":"publish","type":"page","link":"https:\/\/altes-maedchen.com\/en\/getraenke\/","title":{"rendered":"Drinks"},"content":{"rendered":"<div data-elementor-type=\"wp-page\" data-elementor-id=\"648\" class=\"elementor elementor-648\" data-elementor-post-type=\"page\">\n\t\t\t\t<div data-dce-background-color=\"#212529\" data-dce-background-image-url=\"https:\/\/altes-maedchen.com\/wp-content\/uploads\/2023\/03\/Getrankekarte_altes-maedchen-der-weisse_gaeste_am_trinken.jpg\" class=\"elementor-element elementor-element-261f4a7 e-flex e-con-boxed e-con e-parent\" data-id=\"261f4a7\" data-element_type=\"container\" data-e-type=\"container\" data-settings=\"{&quot;background_background&quot;:&quot;classic&quot;}\">\n\t\t\t\t\t<div class=\"e-con-inner\">\n\t\t\t\t<div class=\"elementor-element elementor-element-0fcf7f5 elementor-widget elementor-widget-image\" data-id=\"0fcf7f5\" data-element_type=\"widget\" data-e-type=\"widget\" data-widget_type=\"image.default\">\n\t\t\t\t<div class=\"elementor-widget-container\">\n\t\t\t\t\t\t\t\t\t\t\t\t\t\t\t\t<a href=\"https:\/\/altes-maedchen.com\/en\">\n\t\t\t\t\t\t\t<img fetchpriority=\"high\" decoding=\"async\" width=\"768\" height=\"543\" src=\"https:\/\/altes-maedchen.com\/wp-content\/uploads\/2023\/06\/AMB_RH_Logo_weiss_HIGHRES-768x543.png\" class=\"attachment-medium_large size-medium_large wp-image-2575\" alt=\"\" srcset=\"https:\/\/altes-maedchen.com\/wp-content\/uploads\/2023\/06\/AMB_RH_Logo_weiss_HIGHRES-768x543.png 768w, https:\/\/altes-maedchen.com\/wp-content\/uploads\/2023\/06\/AMB_RH_Logo_weiss_HIGHRES-300x212.png 300w, https:\/\/altes-maedchen.com\/wp-content\/uploads\/2023\/06\/AMB_RH_Logo_weiss_HIGHRES-1024x724.png 1024w, https:\/\/altes-maedchen.com\/wp-content\/uploads\/2023\/06\/AMB_RH_Logo_weiss_HIGHRES-1536x1086.png 1536w, https:\/\/altes-maedchen.com\/wp-content\/uploads\/2023\/06\/AMB_RH_Logo_weiss_HIGHRES-2048x1448.png 2048w, https:\/\/altes-maedchen.com\/wp-content\/uploads\/2023\/06\/AMB_RH_Logo_weiss_HIGHRES-18x12.png 18w\" sizes=\"(max-width: 768px) 100vw, 768px\" \/>\t\t\t\t\t\t\t\t<\/a>\n\t\t\t\t\t\t\t\t\t\t\t\t\t\t\t<\/div>\n\t\t\t\t<\/div>\n\t\t\t\t\t<\/div>\n\t\t\t\t<\/div>\n\t\t<div class=\"elementor-element elementor-element-d788184 e-con-full e-flex e-con e-parent\" data-id=\"d788184\" data-element_type=\"container\" data-e-type=\"container\">\n\t\t<div class=\"elementor-element elementor-element-60f5698 e-flex e-con-boxed e-con e-child\" data-id=\"60f5698\" data-element_type=\"container\" data-e-type=\"container\" data-settings=\"{&quot;background_background&quot;:&quot;classic&quot;}\">\n\t\t\t\t\t<div class=\"e-con-inner\">\n\t\t<div class=\"elementor-element elementor-element-ee53070 e-con-full e-flex e-con e-child\" data-id=\"ee53070\" data-element_type=\"container\" data-e-type=\"container\">\n\t\t\t\t<div class=\"elementor-element elementor-element-1dd364b elementor-widget elementor-widget-heading\" data-id=\"1dd364b\" data-element_type=\"widget\" data-e-type=\"widget\" data-widget_type=\"heading.default\">\n\t\t\t\t<div class=\"elementor-widget-container\">\n\t\t\t\t\t<h1 class=\"elementor-heading-title elementor-size-default\">DOWNLOAD OUR DRINKS MENU\n<\/h1>\t\t\t\t<\/div>\n\t\t\t\t<\/div>\n\t\t\t\t<div class=\"elementor-element elementor-element-5db5a3a elementor-widget elementor-widget-text-editor\" data-id=\"5db5a3a\" data-element_type=\"widget\" data-e-type=\"widget\" data-widget_type=\"text-editor.default\">\n\t\t\t\t<div class=\"elementor-widget-container\">\n\t\t\t\t\t\t\t\t\t<p>To make it even easier for you to choose your drink, you can download our drinks menu here and see at a glance which beers and \"non-beers\" we can delight you with today.<\/p>\t\t\t\t\t\t\t\t<\/div>\n\t\t\t\t<\/div>\n\t\t\t\t<\/div>\n\t\t<div class=\"elementor-element elementor-element-aedd86f e-con-full e-flex e-con e-child\" data-id=\"aedd86f\" data-element_type=\"container\" data-e-type=\"container\">\n\t\t\t\t<div data-dce-background-color=\"#00000000\" class=\"elementor-element elementor-element-689e0dc elementor-widget elementor-widget-button\" data-id=\"689e0dc\" data-element_type=\"widget\" data-e-type=\"widget\" data-widget_type=\"button.default\">\n\t\t\t\t<div class=\"elementor-widget-container\">\n\t\t\t\t\t\t\t\t\t<div class=\"elementor-button-wrapper\">\n\t\t\t\t\t<a class=\"elementor-button elementor-button-link elementor-size-sm\" href=\"https:\/\/altes-maedchen.com\/wp-content\/uploads\/2024\/06\/AltesMaedchen_Getraenkekarte_digital.pdf\" target=\"_blank\">\n\t\t\t\t\t\t<span class=\"elementor-button-content-wrapper\">\n\t\t\t\t\t\t\t\t\t<span class=\"elementor-button-text\">Download our Drinks Menu<\/span>\n\t\t\t\t\t<\/span>\n\t\t\t\t\t<\/a>\n\t\t\t\t<\/div>\n\t\t\t\t\t\t\t\t<\/div>\n\t\t\t\t<\/div>\n\t\t\t\t<\/div>\n\t\t\t\t\t<\/div>\n\t\t\t\t<\/div>\n\t\t\t\t<\/div>\n\t\t\t\t<\/div>","protected":false},"excerpt":{"rendered":"<p>GETR\u00c4NKEKARTE ZUM HERUNTERLADEN Damit euch die Getr\u00e4nkewahl noch leichter f\u00e4llt, k\u00f6nnt ihr euch hier unsere aktuelle Getr\u00e4nkekarte herunterladen und seht auf einem Blick, mit welchen Bieren und \u201eNicht-Bieren\u201c wir euch heute begl\u00fccken k\u00f6nnen. Download Getr\u00e4nkekarte<\/p>","protected":false},"author":1,"featured_media":0,"parent":0,"menu_order":0,"comment_status":"closed","ping_status":"closed","template":"","meta":{"footnotes":""},"class_list":["post-648","page","type-page","status-publish","hentry"],"_links":{"self":[{"href":"https:\/\/altes-maedchen.com\/en\/wp-json\/wp\/v2\/pages\/648","targetHints":{"allow":["GET"]}}],"collection":[{"href":"https:\/\/altes-maedchen.com\/en\/wp-json\/wp\/v2\/pages"}],"about":[{"href":"https:\/\/altes-maedchen.com\/en\/wp-json\/wp\/v2\/types\/page"}],"author":[{"embeddable":true,"href":"https:\/\/altes-maedchen.com\/en\/wp-json\/wp\/v2\/users\/1"}],"replies":[{"embeddable":true,"href":"https:\/\/altes-maedchen.com\/en\/wp-json\/wp\/v2\/comments?post=648"}],"version-history":[{"count":20,"href":"https:\/\/altes-maedchen.com\/en\/wp-json\/wp\/v2\/pages\/648\/revisions"}],"predecessor-version":[{"id":4485,"href":"https:\/\/altes-maedchen.com\/en\/wp-json\/wp\/v2\/pages\/648\/revisions\/4485"}],"wp:attachment":[{"href":"https:\/\/altes-maedchen.com\/en\/wp-json\/wp\/v2\/media?parent=648"}],"curies":[{"name":"wp","href":"https:\/\/api.w.org\/{rel}","templated":true}]}}