{"id":652,"date":"2023-03-18T15:26:20","date_gmt":"2023-03-18T14:26:20","guid":{"rendered":"https:\/\/altes-maedchen.nicolasgrimm.ch\/?page_id=652"},"modified":"2026-04-29T11:33:44","modified_gmt":"2026-04-29T09:33:44","slug":"reservierung","status":"publish","type":"page","link":"https:\/\/altes-maedchen.com\/de\/reservierung\/","title":{"rendered":"Reservierung"},"content":{"rendered":"\t\t<div data-elementor-type=\"wp-page\" data-elementor-id=\"652\" class=\"elementor elementor-652\" data-elementor-post-type=\"page\">\n\t\t\t\t<div data-dce-background-color=\"#212529\" data-dce-background-image-url=\"https:\/\/altes-maedchen.com\/wp-content\/uploads\/2023\/03\/Reservierung_Hero_Freunde_am_tisch.jpeg\" class=\"elementor-element elementor-element-fa94b50 e-flex e-con-boxed e-con e-parent\" data-id=\"fa94b50\" data-element_type=\"container\" data-e-type=\"container\" data-settings=\"{&quot;background_background&quot;:&quot;classic&quot;}\">\n\t\t\t\t\t<div class=\"e-con-inner\">\n\t\t\t\t<div class=\"elementor-element elementor-element-4c70d31 elementor-widget elementor-widget-image\" data-id=\"4c70d31\" data-element_type=\"widget\" data-e-type=\"widget\" data-widget_type=\"image.default\">\n\t\t\t\t<div class=\"elementor-widget-container\">\n\t\t\t\t\t\t\t\t\t\t\t\t\t\t\t\t<a href=\"https:\/\/altes-maedchen.com\/de\">\n\t\t\t\t\t\t\t<img fetchpriority=\"high\" decoding=\"async\" width=\"768\" height=\"543\" src=\"https:\/\/altes-maedchen.com\/wp-content\/uploads\/2023\/06\/AMB_RH_Logo_weiss_HIGHRES-768x543.png\" class=\"attachment-medium_large size-medium_large wp-image-2575\" alt=\"\" srcset=\"https:\/\/altes-maedchen.com\/wp-content\/uploads\/2023\/06\/AMB_RH_Logo_weiss_HIGHRES-768x543.png 768w, https:\/\/altes-maedchen.com\/wp-content\/uploads\/2023\/06\/AMB_RH_Logo_weiss_HIGHRES-300x212.png 300w, https:\/\/altes-maedchen.com\/wp-content\/uploads\/2023\/06\/AMB_RH_Logo_weiss_HIGHRES-1024x724.png 1024w, https:\/\/altes-maedchen.com\/wp-content\/uploads\/2023\/06\/AMB_RH_Logo_weiss_HIGHRES-1536x1086.png 1536w, https:\/\/altes-maedchen.com\/wp-content\/uploads\/2023\/06\/AMB_RH_Logo_weiss_HIGHRES-2048x1448.png 2048w, https:\/\/altes-maedchen.com\/wp-content\/uploads\/2023\/06\/AMB_RH_Logo_weiss_HIGHRES-18x12.png 18w\" sizes=\"(max-width: 768px) 100vw, 768px\" \/>\t\t\t\t\t\t\t\t<\/a>\n\t\t\t\t\t\t\t\t\t\t\t\t\t\t\t<\/div>\n\t\t\t\t<\/div>\n\t\t\t\t\t<\/div>\n\t\t\t\t<\/div>\n\t\t<div class=\"elementor-element elementor-element-6f90c7c e-flex e-con-boxed e-con e-parent\" data-id=\"6f90c7c\" data-element_type=\"container\" data-e-type=\"container\">\n\t\t\t\t\t<div class=\"e-con-inner\">\n\t\t\t\t<div class=\"elementor-element elementor-element-9e13194 elementor-widget__width-inherit elementor-widget elementor-widget-heading\" data-id=\"9e13194\" data-element_type=\"widget\" data-e-type=\"widget\" data-widget_type=\"heading.default\">\n\t\t\t\t<div class=\"elementor-widget-container\">\n\t\t\t\t\t<span class=\"elementor-heading-title elementor-size-default\">Reservierung<\/span>\t\t\t\t<\/div>\n\t\t\t\t<\/div>\n\t\t\t\t<div class=\"elementor-element elementor-element-d36d484 elementor-widget__width-inherit elementor-widget elementor-widget-heading\" data-id=\"d36d484\" data-element_type=\"widget\" data-e-type=\"widget\" data-widget_type=\"heading.default\">\n\t\t\t\t<div class=\"elementor-widget-container\">\n\t\t\t\t\t<h1 class=\"elementor-heading-title elementor-size-default\">F\u00dcR PLANUNGSFREUDIGE\n<\/h1>\t\t\t\t<\/div>\n\t\t\t\t<\/div>\n\t\t\t\t<div class=\"elementor-element elementor-element-65e8025 elementor-widget__width-inherit elementor-widget elementor-widget-text-editor\" data-id=\"65e8025\" data-element_type=\"widget\" data-e-type=\"widget\" data-widget_type=\"text-editor.default\">\n\t\t\t\t<div class=\"elementor-widget-container\">\n\t\t\t\t\t\t\t\t\t<p align=\"center\">Wir freuen uns auf eure Reservierung f\u00fcr&nbsp;<strong>unseren Innenraum.<\/strong><b> <br><\/b><b>(Auf der Terrasse sind keine Reservierungen m\u00f6glich)<\/b><\/p>\n<p align=\"center\"><b><br><\/b>Wir reservieren bei uns ab 4 Personen im Restaurant. 1-3 Personen bekommen wir meist schnell unter, daher schaut gerne spontan vorbei. Die Terrasse ist nicht reservierbar. Junggesellenabschiede sind bei uns nicht erw\u00fcnscht. Reservierungen sind nur in Verbindung mit Speisen m\u00f6glich und sind f\u00fcr 2 Stunden garantiert.&nbsp; F\u00fcr Gruppenreservierungen f\u00fcr mehr als 15 Personen oder unseren Sonntagsbrunch, schickt uns gerne eine E-Mail an: info@altes-maedchen.com<b><br><\/b><\/p>\n<p align=\"center\">Wir freuen uns auf euch!<\/p>\t\t\t\t\t\t\t\t<\/div>\n\t\t\t\t<\/div>\n\t\t<div class=\"elementor-element elementor-element-7f32807 e-con-full e-flex e-con e-child\" data-id=\"7f32807\" data-element_type=\"container\" data-e-type=\"container\">\n\t\t\t\t<div class=\"elementor-element elementor-element-d3f9770 elementor-widget elementor-widget-html\" data-id=\"d3f9770\" data-element_type=\"widget\" data-e-type=\"widget\" data-widget_type=\"html.default\">\n\t\t\t\t<div class=\"elementor-widget-container\">\n\t\t\t\t\t<iframe src=\"https:\/\/www.gastronavi.de\/restaurants\/14740\/reservierung\/widget?companyRoute=1&amp;iframeId=gastronaviReservationWidget-0#1\" frameborder=\"0\" style=\"width: 100%;height: 700px;margin: 0 auto;display: block; background: #f5f5f5;\"><\/iframe>\t\t\t\t<\/div>\n\t\t\t\t<\/div>\n\t\t\t\t<\/div>\n\t\t<div class=\"elementor-element elementor-element-365ae86 e-con-full e-flex e-con e-child\" data-id=\"365ae86\" data-element_type=\"container\" data-e-type=\"container\">\n\t\t\t\t<div class=\"elementor-element elementor-element-b570e5d elementor-widget__width-inherit elementor-widget elementor-widget-text-editor\" data-id=\"b570e5d\" data-element_type=\"widget\" data-e-type=\"widget\" data-widget_type=\"text-editor.default\">\n\t\t\t\t<div class=\"elementor-widget-container\">\n\t\t\t\t\t\t\t\t\t<p><strong>Oktober bis April: Brunch am Sonntag <\/strong>von 10:00-14:00 Uhr<\/p><p><strong>Ihr m\u00f6gt es etwas privater und flexibler?<\/strong> Unseren Stammtisch f\u00fcr bis zu 23 Personen k\u00f6nnt Ihr exklusiv und zu jeder Zeit buchen. Schreibt uns daf\u00fcr einfach eine Mail an info@altes-maedchen.com.<\/p>\t\t\t\t\t\t\t\t<\/div>\n\t\t\t\t<\/div>\n\t\t\t\t<div class=\"elementor-element elementor-element-06d616d elementor-widget-divider--view-line elementor-widget elementor-widget-divider\" data-id=\"06d616d\" data-element_type=\"widget\" data-e-type=\"widget\" data-widget_type=\"divider.default\">\n\t\t\t\t<div class=\"elementor-widget-container\">\n\t\t\t\t\t\t\t<div class=\"elementor-divider\">\n\t\t\t<span class=\"elementor-divider-separator\">\n\t\t\t\t\t\t<\/span>\n\t\t<\/div>\n\t\t\t\t\t\t<\/div>\n\t\t\t\t<\/div>\n\t\t\t\t<div class=\"elementor-element elementor-element-d8fac59 elementor-widget__width-inherit elementor-widget elementor-widget-text-editor\" data-id=\"d8fac59\" data-element_type=\"widget\" data-e-type=\"widget\" data-widget_type=\"text-editor.default\">\n\t\t\t\t<div class=\"elementor-widget-container\">\n\t\t\t\t\t\t\t\t\t<p><strong>Passt nicht zu Euren Pl\u00e4nen?<\/strong>\u00a0Dann kommt gerne einfach so vorbei. Wir finden sicher noch ein sch\u00f6nes Pl\u00e4tzchen f\u00fcr Euch.<\/p>\t\t\t\t\t\t\t\t<\/div>\n\t\t\t\t<\/div>\n\t\t\t\t<\/div>\n\t\t\t\t\t<\/div>\n\t\t\t\t<\/div>\n\t\t<div data-dce-background-color=\"#212529\" data-dce-background-image-url=\"https:\/\/altes-maedchen.com\/wp-content\/uploads\/2023\/03\/Reservierung_Stuehle.jpeg\" class=\"elementor-element elementor-element-a5e9858 e-flex e-con-boxed e-con e-parent\" data-id=\"a5e9858\" data-element_type=\"container\" data-e-type=\"container\" data-settings=\"{&quot;background_background&quot;:&quot;classic&quot;}\">\n\t\t\t\t\t<div class=\"e-con-inner\">\n\t\t\t\t\t<\/div>\n\t\t\t\t<\/div>\n\t\t<div class=\"elementor-element elementor-element-115d8c7 e-flex e-con-boxed e-con e-parent\" data-id=\"115d8c7\" data-element_type=\"container\" data-e-type=\"container\" data-settings=\"{&quot;background_background&quot;:&quot;classic&quot;}\">\n\t\t\t\t\t<div class=\"e-con-inner\">\n\t\t\t\t<div class=\"elementor-element elementor-element-c348655 elementor-widget__width-inherit elementor-widget elementor-widget-heading\" data-id=\"c348655\" data-element_type=\"widget\" data-e-type=\"widget\" data-widget_type=\"heading.default\">\n\t\t\t\t<div class=\"elementor-widget-container\">\n\t\t\t\t\t<span class=\"elementor-heading-title elementor-size-default\">Mietet unsere Eventfl\u00e4chen\n<\/span>\t\t\t\t<\/div>\n\t\t\t\t<\/div>\n\t\t\t\t<div class=\"elementor-element elementor-element-cf95163 elementor-widget__width-inherit elementor-widget elementor-widget-heading\" data-id=\"cf95163\" data-element_type=\"widget\" data-e-type=\"widget\" data-widget_type=\"heading.default\">\n\t\t\t\t<div class=\"elementor-widget-container\">\n\t\t\t\t\t<h2 class=\"elementor-heading-title elementor-size-default\">MEHR RAUM F\u00dcR EUCH\n<\/h2>\t\t\t\t<\/div>\n\t\t\t\t<\/div>\n\t\t\t\t<div class=\"elementor-element elementor-element-5a0a78a elementor-widget__width-inherit elementor-widget elementor-widget-text-editor\" data-id=\"5a0a78a\" data-element_type=\"widget\" data-e-type=\"widget\" data-widget_type=\"text-editor.default\">\n\t\t\t\t<div class=\"elementor-widget-container\">\n\t\t\t\t\t\t\t\t\t<p><strong>Ob Hochzeit, Geburtstag, Messe, Tagung, Firmenfeier oder Lesung, ob 15 oder 150 Personen:<\/strong> In unserer au\u00dfergew\u00f6hnlichen Location in den Schanzenh\u00f6fen machen wir alles f\u00fcr Euch m\u00f6glich. Ihr wollt mehr erfahren? Dann klickt Euch durch unsere Veranstaltungsr\u00e4ume, ruft uns unter 040 8000777-51 an oder schreibt eine Nachricht an <a href=\"mailto:event@altes-maedchen.com\">event@altes-maedchen.com<\/a><\/p>\t\t\t\t\t\t\t\t<\/div>\n\t\t\t\t<\/div>\n\t\t<a class=\"elementor-element elementor-element-ab7566b e-con-full e-flex e-con e-child\" data-id=\"ab7566b\" data-element_type=\"container\" data-e-type=\"container\" data-settings=\"{&quot;background_background&quot;:&quot;classic&quot;}\" href=\"https:\/\/altes-maedchen.com\/stammtisch\/\">\n\t\t\t\t<div class=\"elementor-element elementor-element-3278f37 elementor-widget elementor-widget-image\" data-id=\"3278f37\" data-element_type=\"widget\" data-e-type=\"widget\" data-widget_type=\"image.default\">\n\t\t\t\t<div class=\"elementor-widget-container\">\n\t\t\t\t\t\t\t\t\t\t\t\t\t\t\t<img decoding=\"async\" width=\"800\" height=\"533\" src=\"https:\/\/altes-maedchen.com\/wp-content\/uploads\/2023\/03\/Stammtisch.jpeg\" class=\"attachment-large size-large wp-image-2445\" alt=\"\" srcset=\"https:\/\/altes-maedchen.com\/wp-content\/uploads\/2023\/03\/Stammtisch.jpeg 1000w, https:\/\/altes-maedchen.com\/wp-content\/uploads\/2023\/03\/Stammtisch-300x200.jpeg 300w, https:\/\/altes-maedchen.com\/wp-content\/uploads\/2023\/03\/Stammtisch-768x511.jpeg 768w, https:\/\/altes-maedchen.com\/wp-content\/uploads\/2023\/03\/Stammtisch-18x12.jpeg 18w\" sizes=\"(max-width: 800px) 100vw, 800px\" \/>\t\t\t\t\t\t\t\t\t\t\t\t\t\t\t<\/div>\n\t\t\t\t<\/div>\n\t\t<div class=\"elementor-element elementor-element-a98d1ff e-flex e-con-boxed e-con e-child\" data-id=\"a98d1ff\" data-element_type=\"container\" data-e-type=\"container\" data-settings=\"{&quot;background_background&quot;:&quot;classic&quot;}\">\n\t\t\t\t\t<div class=\"e-con-inner\">\n\t\t\t\t<div class=\"elementor-element elementor-element-79b3ba5 elementor-widget elementor-widget-heading\" data-id=\"79b3ba5\" data-element_type=\"widget\" data-e-type=\"widget\" data-widget_type=\"heading.default\">\n\t\t\t\t<div class=\"elementor-widget-container\">\n\t\t\t\t\t<span class=\"elementor-heading-title elementor-size-default\">bis zu <b>23<\/b> G\u00e4ste<\/span>\t\t\t\t<\/div>\n\t\t\t\t<\/div>\n\t\t\t\t<div class=\"elementor-element elementor-element-a0a2611 elementor-widget elementor-widget-heading\" data-id=\"a0a2611\" data-element_type=\"widget\" data-e-type=\"widget\" data-widget_type=\"heading.default\">\n\t\t\t\t<div class=\"elementor-widget-container\">\n\t\t\t\t\t<h2 class=\"elementor-heading-title elementor-size-default\">Altes M\u00e4dchen Stammtisch<\/h2>\t\t\t\t<\/div>\n\t\t\t\t<\/div>\n\t\t\t\t<div class=\"elementor-element elementor-element-0c3d3d6 elementor-widget elementor-widget-text-editor\" data-id=\"0c3d3d6\" data-element_type=\"widget\" data-e-type=\"widget\" data-widget_type=\"text-editor.default\">\n\t\t\t\t<div class=\"elementor-widget-container\">\n\t\t\t\t\t\t\t\t\t<p>Bester Tisch des Hauses: f\u00fcr alle, die das Braugasthaus-Feeling exklusiv erleben wollen.<\/p>\t\t\t\t\t\t\t\t<\/div>\n\t\t\t\t<\/div>\n\t\t\t\t\t<\/div>\n\t\t\t\t<\/div>\n\t\t<div class=\"elementor-element elementor-element-b139bd6 e-flex e-con-boxed e-con e-child\" data-id=\"b139bd6\" data-element_type=\"container\" data-e-type=\"container\" data-settings=\"{&quot;background_background&quot;:&quot;classic&quot;,&quot;position&quot;:&quot;absolute&quot;}\">\n\t\t\t\t\t<div class=\"e-con-inner\">\n\t\t\t\t<div data-dce-title-color=\"#000000\" class=\"elementor-element elementor-element-a77cf9c elementor-widget elementor-widget-heading\" data-id=\"a77cf9c\" data-element_type=\"widget\" data-e-type=\"widget\" data-widget_type=\"heading.default\">\n\t\t\t\t<div class=\"elementor-widget-container\">\n\t\t\t\t\t<span class=\"elementor-heading-title elementor-size-default\">40 m<sup>2<\/sup> Eventraum<\/span>\t\t\t\t<\/div>\n\t\t\t\t<\/div>\n\t\t<div class=\"elementor-element elementor-element-6a6beef hov e-transform e-flex e-con-boxed e-con e-child\" data-id=\"6a6beef\" data-element_type=\"container\" data-e-type=\"container\" data-settings=\"{&quot;background_background&quot;:&quot;classic&quot;,&quot;position&quot;:&quot;absolute&quot;,&quot;_transform_translateY_effect&quot;:{&quot;unit&quot;:&quot;%&quot;,&quot;size&quot;:101,&quot;sizes&quot;:[]},&quot;_transform_translateY_effect_tablet&quot;:{&quot;unit&quot;:&quot;%&quot;,&quot;size&quot;:&quot;&quot;,&quot;sizes&quot;:[]},&quot;_transform_translateY_effect_mobile&quot;:{&quot;unit&quot;:&quot;%&quot;,&quot;size&quot;:&quot;&quot;,&quot;sizes&quot;:[]},&quot;_transform_translateX_effect&quot;:{&quot;unit&quot;:&quot;px&quot;,&quot;size&quot;:&quot;&quot;,&quot;sizes&quot;:[]},&quot;_transform_translateX_effect_tablet&quot;:{&quot;unit&quot;:&quot;px&quot;,&quot;size&quot;:&quot;&quot;,&quot;sizes&quot;:[]},&quot;_transform_translateX_effect_mobile&quot;:{&quot;unit&quot;:&quot;px&quot;,&quot;size&quot;:&quot;&quot;,&quot;sizes&quot;:[]}}\">\n\t\t\t\t\t<div class=\"e-con-inner\">\n\t\t\t\t<div class=\"elementor-element elementor-element-91cabeb elementor-widget elementor-widget-heading\" data-id=\"91cabeb\" data-element_type=\"widget\" data-e-type=\"widget\" data-widget_type=\"heading.default\">\n\t\t\t\t<div class=\"elementor-widget-container\">\n\t\t\t\t\t<span class=\"elementor-heading-title elementor-size-default\">Stammtisch ansehen<\/span>\t\t\t\t<\/div>\n\t\t\t\t<\/div>\n\t\t\t\t\t<\/div>\n\t\t\t\t<\/div>\n\t\t\t\t\t<\/div>\n\t\t\t\t<\/div>\n\t\t\t\t<\/a>\n\t\t<a class=\"elementor-element elementor-element-f894e1e e-con-full e-flex e-con e-child\" data-id=\"f894e1e\" data-element_type=\"container\" data-e-type=\"container\" href=\"https:\/\/altes-maedchen.com\/altes-maedchen-diele\/\">\n\t\t\t\t<div class=\"elementor-element elementor-element-d48c93c elementor-widget elementor-widget-image\" data-id=\"d48c93c\" data-element_type=\"widget\" data-e-type=\"widget\" data-widget_type=\"image.default\">\n\t\t\t\t<div class=\"elementor-widget-container\">\n\t\t\t\t\t\t\t\t\t\t\t\t\t\t\t<img decoding=\"async\" width=\"800\" height=\"534\" src=\"https:\/\/altes-maedchen.com\/wp-content\/uploads\/2023\/03\/Altes-Maedchen-Diele-1024x683.jpeg\" class=\"attachment-large size-large wp-image-2446\" alt=\"\" srcset=\"https:\/\/altes-maedchen.com\/wp-content\/uploads\/2023\/03\/Altes-Maedchen-Diele-1024x683.jpeg 1024w, https:\/\/altes-maedchen.com\/wp-content\/uploads\/2023\/03\/Altes-Maedchen-Diele-300x200.jpeg 300w, https:\/\/altes-maedchen.com\/wp-content\/uploads\/2023\/03\/Altes-Maedchen-Diele-768x512.jpeg 768w, https:\/\/altes-maedchen.com\/wp-content\/uploads\/2023\/03\/Altes-Maedchen-Diele-1536x1024.jpeg 1536w, https:\/\/altes-maedchen.com\/wp-content\/uploads\/2023\/03\/Altes-Maedchen-Diele-2048x1365.jpeg 2048w, https:\/\/altes-maedchen.com\/wp-content\/uploads\/2023\/03\/Altes-Maedchen-Diele-18x12.jpeg 18w\" sizes=\"(max-width: 800px) 100vw, 800px\" \/>\t\t\t\t\t\t\t\t\t\t\t\t\t\t\t<\/div>\n\t\t\t\t<\/div>\n\t\t<div class=\"elementor-element elementor-element-ab55910 e-flex e-con-boxed e-con e-child\" data-id=\"ab55910\" data-element_type=\"container\" data-e-type=\"container\" data-settings=\"{&quot;background_background&quot;:&quot;classic&quot;}\">\n\t\t\t\t\t<div class=\"e-con-inner\">\n\t\t\t\t<div class=\"elementor-element elementor-element-63ae3e3 elementor-widget elementor-widget-heading\" data-id=\"63ae3e3\" data-element_type=\"widget\" data-e-type=\"widget\" data-widget_type=\"heading.default\">\n\t\t\t\t<div class=\"elementor-widget-container\">\n\t\t\t\t\t<span class=\"elementor-heading-title elementor-size-default\">bis zu <b>120<\/b> G\u00e4ste<\/span>\t\t\t\t<\/div>\n\t\t\t\t<\/div>\n\t\t\t\t<div class=\"elementor-element elementor-element-f9a5ae6 elementor-widget elementor-widget-heading\" data-id=\"f9a5ae6\" data-element_type=\"widget\" data-e-type=\"widget\" data-widget_type=\"heading.default\">\n\t\t\t\t<div class=\"elementor-widget-container\">\n\t\t\t\t\t<h2 class=\"elementor-heading-title elementor-size-default\">Altes M\u00e4dchen Diele<\/h2>\t\t\t\t<\/div>\n\t\t\t\t<\/div>\n\t\t\t\t<div class=\"elementor-element elementor-element-f5f316d elementor-widget elementor-widget-text-editor\" data-id=\"f5f316d\" data-element_type=\"widget\" data-e-type=\"widget\" data-widget_type=\"text-editor.default\">\n\t\t\t\t<div class=\"elementor-widget-container\">\n\t\t\t\t\t\t\t\t\t<p>Verwandlungsk\u00fcnstler: funktional und gem\u00fctlich? Die Altes M\u00e4dchen Diele kann beides und ist deshalb perfekt f\u00fcr jeden Anlass.<\/p>\t\t\t\t\t\t\t\t<\/div>\n\t\t\t\t<\/div>\n\t\t\t\t\t<\/div>\n\t\t\t\t<\/div>\n\t\t<div class=\"elementor-element elementor-element-1e36982 e-flex e-con-boxed e-con e-child\" data-id=\"1e36982\" data-element_type=\"container\" data-e-type=\"container\" data-settings=\"{&quot;background_background&quot;:&quot;classic&quot;}\">\n\t\t\t\t\t<div class=\"e-con-inner\">\n\t\t\t\t<div data-dce-title-color=\"#000000\" class=\"elementor-element elementor-element-b65242b elementor-widget elementor-widget-heading\" data-id=\"b65242b\" data-element_type=\"widget\" data-e-type=\"widget\" data-widget_type=\"heading.default\">\n\t\t\t\t<div class=\"elementor-widget-container\">\n\t\t\t\t\t<span class=\"elementor-heading-title elementor-size-default\">120 m<sup>2<\/sup> Eventraum |\u00a040 m<sup>2<\/sup> Terrasse<\/span>\t\t\t\t<\/div>\n\t\t\t\t<\/div>\n\t\t<div class=\"elementor-element elementor-element-5135f9f hov e-transform e-flex e-con-boxed e-con e-child\" data-id=\"5135f9f\" data-element_type=\"container\" data-e-type=\"container\" data-settings=\"{&quot;background_background&quot;:&quot;classic&quot;,&quot;position&quot;:&quot;absolute&quot;,&quot;_transform_translateY_effect&quot;:{&quot;unit&quot;:&quot;%&quot;,&quot;size&quot;:101,&quot;sizes&quot;:[]},&quot;_transform_translateY_effect_tablet&quot;:{&quot;unit&quot;:&quot;%&quot;,&quot;size&quot;:&quot;&quot;,&quot;sizes&quot;:[]},&quot;_transform_translateY_effect_mobile&quot;:{&quot;unit&quot;:&quot;%&quot;,&quot;size&quot;:&quot;&quot;,&quot;sizes&quot;:[]},&quot;_transform_translateX_effect&quot;:{&quot;unit&quot;:&quot;px&quot;,&quot;size&quot;:&quot;&quot;,&quot;sizes&quot;:[]},&quot;_transform_translateX_effect_tablet&quot;:{&quot;unit&quot;:&quot;px&quot;,&quot;size&quot;:&quot;&quot;,&quot;sizes&quot;:[]},&quot;_transform_translateX_effect_mobile&quot;:{&quot;unit&quot;:&quot;px&quot;,&quot;size&quot;:&quot;&quot;,&quot;sizes&quot;:[]}}\">\n\t\t\t\t\t<div class=\"e-con-inner\">\n\t\t\t\t<div class=\"elementor-element elementor-element-a035428 elementor-widget elementor-widget-heading\" data-id=\"a035428\" data-element_type=\"widget\" data-e-type=\"widget\" data-widget_type=\"heading.default\">\n\t\t\t\t<div class=\"elementor-widget-container\">\n\t\t\t\t\t<span class=\"elementor-heading-title elementor-size-default\">Diele ansehen<\/span>\t\t\t\t<\/div>\n\t\t\t\t<\/div>\n\t\t\t\t\t<\/div>\n\t\t\t\t<\/div>\n\t\t\t\t\t<\/div>\n\t\t\t\t<\/div>\n\t\t\t\t<\/a>\n\t\t<a class=\"elementor-element elementor-element-ce31aeb e-con-full e-flex e-con e-child\" data-id=\"ce31aeb\" data-element_type=\"container\" data-e-type=\"container\" href=\"https:\/\/altes-maedchen.com\/ratsherrn-diele\/\">\n\t\t\t\t<div class=\"elementor-element elementor-element-c4ee927 elementor-widget elementor-widget-image\" data-id=\"c4ee927\" data-element_type=\"widget\" data-e-type=\"widget\" data-widget_type=\"image.default\">\n\t\t\t\t<div class=\"elementor-widget-container\">\n\t\t\t\t\t\t\t\t\t\t\t\t\t\t\t<img loading=\"lazy\" decoding=\"async\" width=\"800\" height=\"450\" src=\"https:\/\/altes-maedchen.com\/wp-content\/uploads\/2023\/03\/Ratsherrn_Diele-1024x576.jpeg\" class=\"attachment-large size-large wp-image-2447\" alt=\"\" srcset=\"https:\/\/altes-maedchen.com\/wp-content\/uploads\/2023\/03\/Ratsherrn_Diele-1024x576.jpeg 1024w, https:\/\/altes-maedchen.com\/wp-content\/uploads\/2023\/03\/Ratsherrn_Diele-300x169.jpeg 300w, https:\/\/altes-maedchen.com\/wp-content\/uploads\/2023\/03\/Ratsherrn_Diele-768x432.jpeg 768w\" sizes=\"(max-width: 800px) 100vw, 800px\" \/>\t\t\t\t\t\t\t\t\t\t\t\t\t\t\t<\/div>\n\t\t\t\t<\/div>\n\t\t<div class=\"elementor-element elementor-element-e0dd69d e-flex e-con-boxed e-con e-child\" data-id=\"e0dd69d\" data-element_type=\"container\" data-e-type=\"container\" data-settings=\"{&quot;background_background&quot;:&quot;classic&quot;}\">\n\t\t\t\t\t<div class=\"e-con-inner\">\n\t\t\t\t<div class=\"elementor-element elementor-element-679b548 elementor-widget elementor-widget-heading\" data-id=\"679b548\" data-element_type=\"widget\" data-e-type=\"widget\" data-widget_type=\"heading.default\">\n\t\t\t\t<div class=\"elementor-widget-container\">\n\t\t\t\t\t<span class=\"elementor-heading-title elementor-size-default\">bis zu <b>160<\/b> G\u00e4ste<\/span>\t\t\t\t<\/div>\n\t\t\t\t<\/div>\n\t\t\t\t<div class=\"elementor-element elementor-element-2fdc835 elementor-widget elementor-widget-heading\" data-id=\"2fdc835\" data-element_type=\"widget\" data-e-type=\"widget\" data-widget_type=\"heading.default\">\n\t\t\t\t<div class=\"elementor-widget-container\">\n\t\t\t\t\t<h2 class=\"elementor-heading-title elementor-size-default\">Ratsherrn Diele<\/h2>\t\t\t\t<\/div>\n\t\t\t\t<\/div>\n\t\t\t\t<div class=\"elementor-element elementor-element-175a1cb elementor-widget elementor-widget-text-editor\" data-id=\"175a1cb\" data-element_type=\"widget\" data-e-type=\"widget\" data-widget_type=\"text-editor.default\">\n\t\t\t\t<div class=\"elementor-widget-container\">\n\t\t\t\t\t\t\t\t\t<p>Gro\u00dfe Sache: Die Ratsherrn Diele punktet mit jeder Menge Platz, einer sch\u00f6nen Sonnenterrasse und bester technischer Ausstattung.<\/p>\t\t\t\t\t\t\t\t<\/div>\n\t\t\t\t<\/div>\n\t\t\t\t\t<\/div>\n\t\t\t\t<\/div>\n\t\t<div class=\"elementor-element elementor-element-68f378a e-flex e-con-boxed e-con e-child\" data-id=\"68f378a\" data-element_type=\"container\" data-e-type=\"container\" data-settings=\"{&quot;background_background&quot;:&quot;classic&quot;}\">\n\t\t\t\t\t<div class=\"e-con-inner\">\n\t\t\t\t<div data-dce-title-color=\"#000000\" class=\"elementor-element elementor-element-3135149 elementor-widget elementor-widget-heading\" data-id=\"3135149\" data-element_type=\"widget\" data-e-type=\"widget\" data-widget_type=\"heading.default\">\n\t\t\t\t<div class=\"elementor-widget-container\">\n\t\t\t\t\t<span class=\"elementor-heading-title elementor-size-default\">160 m<sup>2<\/sup> Eventraum |\u00a080 m<sup>2<\/sup> Terrasse<\/span>\t\t\t\t<\/div>\n\t\t\t\t<\/div>\n\t\t<div class=\"elementor-element elementor-element-0c87e2a hov e-transform e-flex e-con-boxed e-con e-child\" data-id=\"0c87e2a\" data-element_type=\"container\" data-e-type=\"container\" data-settings=\"{&quot;background_background&quot;:&quot;classic&quot;,&quot;position&quot;:&quot;absolute&quot;,&quot;_transform_translateY_effect&quot;:{&quot;unit&quot;:&quot;%&quot;,&quot;size&quot;:101,&quot;sizes&quot;:[]},&quot;_transform_translateY_effect_tablet&quot;:{&quot;unit&quot;:&quot;%&quot;,&quot;size&quot;:&quot;&quot;,&quot;sizes&quot;:[]},&quot;_transform_translateY_effect_mobile&quot;:{&quot;unit&quot;:&quot;%&quot;,&quot;size&quot;:&quot;&quot;,&quot;sizes&quot;:[]},&quot;_transform_translateX_effect&quot;:{&quot;unit&quot;:&quot;px&quot;,&quot;size&quot;:&quot;&quot;,&quot;sizes&quot;:[]},&quot;_transform_translateX_effect_tablet&quot;:{&quot;unit&quot;:&quot;px&quot;,&quot;size&quot;:&quot;&quot;,&quot;sizes&quot;:[]},&quot;_transform_translateX_effect_mobile&quot;:{&quot;unit&quot;:&quot;px&quot;,&quot;size&quot;:&quot;&quot;,&quot;sizes&quot;:[]}}\">\n\t\t\t\t\t<div class=\"e-con-inner\">\n\t\t\t\t<div class=\"elementor-element elementor-element-468502f elementor-widget elementor-widget-heading\" data-id=\"468502f\" data-element_type=\"widget\" data-e-type=\"widget\" data-widget_type=\"heading.default\">\n\t\t\t\t<div class=\"elementor-widget-container\">\n\t\t\t\t\t<span class=\"elementor-heading-title elementor-size-default\">Diele ansehen<\/span>\t\t\t\t<\/div>\n\t\t\t\t<\/div>\n\t\t\t\t\t<\/div>\n\t\t\t\t<\/div>\n\t\t\t\t\t<\/div>\n\t\t\t\t<\/div>\n\t\t\t\t<\/a>\n\t\t\t\t\t<\/div>\n\t\t\t\t<\/div>\n\t\t\t\t<\/div>\n\t\t","protected":false},"excerpt":{"rendered":"<p>Reservierung F\u00dcR PLANUNGSFREUDIGE Wir freuen uns auf eure Reservierung f\u00fcr&nbsp;unseren Innenraum. (Auf der Terrasse sind keine Reservierungen m\u00f6glich) Wir reservieren bei uns ab 4 Personen im Restaurant. 1-3 Personen bekommen wir meist schnell unter, daher schaut gerne spontan vorbei. Die Terrasse ist nicht reservierbar. Junggesellenabschiede sind bei uns nicht erw\u00fcnscht. Reservierungen sind nur in Verbindung [&hellip;]<\/p>\n","protected":false},"author":1,"featured_media":0,"parent":0,"menu_order":0,"comment_status":"closed","ping_status":"closed","template":"","meta":{"footnotes":""},"class_list":["post-652","page","type-page","status-publish","hentry"],"_links":{"self":[{"href":"https:\/\/altes-maedchen.com\/de\/wp-json\/wp\/v2\/pages\/652","targetHints":{"allow":["GET"]}}],"collection":[{"href":"https:\/\/altes-maedchen.com\/de\/wp-json\/wp\/v2\/pages"}],"about":[{"href":"https:\/\/altes-maedchen.com\/de\/wp-json\/wp\/v2\/types\/page"}],"author":[{"embeddable":true,"href":"https:\/\/altes-maedchen.com\/de\/wp-json\/wp\/v2\/users\/1"}],"replies":[{"embeddable":true,"href":"https:\/\/altes-maedchen.com\/de\/wp-json\/wp\/v2\/comments?post=652"}],"version-history":[{"count":50,"href":"https:\/\/altes-maedchen.com\/de\/wp-json\/wp\/v2\/pages\/652\/revisions"}],"predecessor-version":[{"id":5633,"href":"https:\/\/altes-maedchen.com\/de\/wp-json\/wp\/v2\/pages\/652\/revisions\/5633"}],"wp:attachment":[{"href":"https:\/\/altes-maedchen.com\/de\/wp-json\/wp\/v2\/media?parent=652"}],"curies":[{"name":"wp","href":"https:\/\/api.w.org\/{rel}","templated":true}]}}