{"id":650,"date":"2023-03-18T15:26:20","date_gmt":"2023-03-18T14:26:20","guid":{"rendered":"https:\/\/altes-maedchen.nicolasgrimm.ch\/?page_id=650"},"modified":"2026-04-28T09:56:47","modified_gmt":"2026-04-28T07:56:47","slug":"speisen","status":"publish","type":"page","link":"https:\/\/altes-maedchen.com\/de\/speisen\/","title":{"rendered":"Speisen"},"content":{"rendered":"\t\t<div data-elementor-type=\"wp-page\" data-elementor-id=\"650\" class=\"elementor elementor-650\" data-elementor-post-type=\"page\">\n\t\t\t\t<div data-dce-background-color=\"#212529\" data-dce-background-image-url=\"https:\/\/altes-maedchen.com\/wp-content\/uploads\/2023\/03\/Speisekarte_hero_Food.jpeg\" class=\"elementor-element elementor-element-4fde9b6 e-flex e-con-boxed e-con e-parent\" data-id=\"4fde9b6\" data-element_type=\"container\" data-e-type=\"container\" data-settings=\"{&quot;background_background&quot;:&quot;classic&quot;}\">\n\t\t\t\t\t<div class=\"e-con-inner\">\n\t\t\t\t<div class=\"elementor-element elementor-element-234ad37 elementor-widget elementor-widget-image\" data-id=\"234ad37\" data-element_type=\"widget\" data-e-type=\"widget\" data-widget_type=\"image.default\">\n\t\t\t\t<div class=\"elementor-widget-container\">\n\t\t\t\t\t\t\t\t\t\t\t\t\t\t\t\t<a href=\"https:\/\/altes-maedchen.com\/de\">\n\t\t\t\t\t\t\t<img fetchpriority=\"high\" decoding=\"async\" width=\"768\" height=\"543\" src=\"https:\/\/altes-maedchen.com\/wp-content\/uploads\/2023\/06\/AMB_RH_Logo_weiss_HIGHRES-768x543.png\" class=\"attachment-medium_large size-medium_large wp-image-2575\" alt=\"\" srcset=\"https:\/\/altes-maedchen.com\/wp-content\/uploads\/2023\/06\/AMB_RH_Logo_weiss_HIGHRES-768x543.png 768w, https:\/\/altes-maedchen.com\/wp-content\/uploads\/2023\/06\/AMB_RH_Logo_weiss_HIGHRES-300x212.png 300w, https:\/\/altes-maedchen.com\/wp-content\/uploads\/2023\/06\/AMB_RH_Logo_weiss_HIGHRES-1024x724.png 1024w, https:\/\/altes-maedchen.com\/wp-content\/uploads\/2023\/06\/AMB_RH_Logo_weiss_HIGHRES-1536x1086.png 1536w, https:\/\/altes-maedchen.com\/wp-content\/uploads\/2023\/06\/AMB_RH_Logo_weiss_HIGHRES-2048x1448.png 2048w, https:\/\/altes-maedchen.com\/wp-content\/uploads\/2023\/06\/AMB_RH_Logo_weiss_HIGHRES-18x12.png 18w\" sizes=\"(max-width: 768px) 100vw, 768px\" \/>\t\t\t\t\t\t\t\t<\/a>\n\t\t\t\t\t\t\t\t\t\t\t\t\t\t\t<\/div>\n\t\t\t\t<\/div>\n\t\t\t\t\t<\/div>\n\t\t\t\t<\/div>\n\t\t<div class=\"elementor-element elementor-element-b2acc22 e-flex e-con-boxed e-con e-parent\" data-id=\"b2acc22\" data-element_type=\"container\" data-e-type=\"container\">\n\t\t\t\t\t<div class=\"e-con-inner\">\n\t\t<div class=\"elementor-element elementor-element-cc49caf e-con-full e-flex e-con e-child\" data-id=\"cc49caf\" data-element_type=\"container\" data-e-type=\"container\">\n\t\t\t\t<div class=\"elementor-element elementor-element-10964fd elementor-widget elementor-widget-image\" data-id=\"10964fd\" data-element_type=\"widget\" data-e-type=\"widget\" data-widget_type=\"image.default\">\n\t\t\t\t<div class=\"elementor-widget-container\">\n\t\t\t\t\t\t\t\t\t\t\t\t\t\t\t<img decoding=\"async\" width=\"800\" height=\"505\" src=\"https:\/\/altes-maedchen.com\/wp-content\/uploads\/2023\/03\/Speisekarte_landwert-hof_kuehe-1024x646.jpeg\" class=\"attachment-large size-large wp-image-743\" alt=\"\" srcset=\"https:\/\/altes-maedchen.com\/wp-content\/uploads\/2023\/03\/Speisekarte_landwert-hof_kuehe-1024x646.jpeg 1024w, https:\/\/altes-maedchen.com\/wp-content\/uploads\/2023\/03\/Speisekarte_landwert-hof_kuehe-300x189.jpeg 300w, https:\/\/altes-maedchen.com\/wp-content\/uploads\/2023\/03\/Speisekarte_landwert-hof_kuehe-768x484.jpeg 768w, https:\/\/altes-maedchen.com\/wp-content\/uploads\/2023\/03\/Speisekarte_landwert-hof_kuehe-18x12.jpeg 18w, https:\/\/altes-maedchen.com\/wp-content\/uploads\/2023\/03\/Speisekarte_landwert-hof_kuehe.jpeg 1110w\" sizes=\"(max-width: 800px) 100vw, 800px\" \/>\t\t\t\t\t\t\t\t\t\t\t\t\t\t\t<\/div>\n\t\t\t\t<\/div>\n\t\t\t\t<\/div>\n\t\t<div class=\"elementor-element elementor-element-b6a1993 e-con-full e-flex e-con e-child\" data-id=\"b6a1993\" data-element_type=\"container\" data-e-type=\"container\">\n\t\t\t\t<div class=\"elementor-element elementor-element-a210d93 elementor-widget elementor-widget-heading\" data-id=\"a210d93\" data-element_type=\"widget\" data-e-type=\"widget\" data-widget_type=\"heading.default\">\n\t\t\t\t<div class=\"elementor-widget-container\">\n\t\t\t\t\t<span class=\"elementor-heading-title elementor-size-default\">Nachhaltigkeit<\/span>\t\t\t\t<\/div>\n\t\t\t\t<\/div>\n\t\t\t\t<div class=\"elementor-element elementor-element-3963ba5 elementor-widget elementor-widget-heading\" data-id=\"3963ba5\" data-element_type=\"widget\" data-e-type=\"widget\" data-widget_type=\"heading.default\">\n\t\t\t\t<div class=\"elementor-widget-container\">\n\t\t\t\t\t<h1 class=\"elementor-heading-title elementor-size-default\">LandWert Hof: Guter Stoff<\/h1>\t\t\t\t<\/div>\n\t\t\t\t<\/div>\n\t\t\t\t<div class=\"elementor-element elementor-element-10a3231 elementor-widget elementor-widget-text-editor\" data-id=\"10a3231\" data-element_type=\"widget\" data-e-type=\"widget\" data-widget_type=\"text-editor.default\">\n\t\t\t\t<div class=\"elementor-widget-container\">\n\t\t\t\t\t\t\t\t\t<p>Das Fleisch f\u00fcr unsere beliebten Burger und andere Speisen kommt von unserem <strong>Partnerbetrieb LandWert Hof<\/strong> mit eigener Metzgerei in Vorpommern-R\u00fcgen.<\/p><p>Tierwohl und Freilandhaltung ist f\u00fcr uns selbstverst\u00e4ndlich.<\/p>\t\t\t\t\t\t\t\t<\/div>\n\t\t\t\t<\/div>\n\t\t\t\t<div class=\"elementor-element elementor-element-649b058 elementor-widget-divider--view-line elementor-widget elementor-widget-divider\" data-id=\"649b058\" data-element_type=\"widget\" data-e-type=\"widget\" data-widget_type=\"divider.default\">\n\t\t\t\t<div class=\"elementor-widget-container\">\n\t\t\t\t\t\t\t<div class=\"elementor-divider\">\n\t\t\t<span class=\"elementor-divider-separator\">\n\t\t\t\t\t\t<\/span>\n\t\t<\/div>\n\t\t\t\t\t\t<\/div>\n\t\t\t\t<\/div>\n\t\t\t\t<div data-dce-background-color=\"#00000000\" class=\"elementor-element elementor-element-9de1e0e elementor-widget elementor-widget-button\" data-id=\"9de1e0e\" data-element_type=\"widget\" data-e-type=\"widget\" data-widget_type=\"button.default\">\n\t\t\t\t<div class=\"elementor-widget-container\">\n\t\t\t\t\t\t\t\t\t<div class=\"elementor-button-wrapper\">\n\t\t\t\t\t<a class=\"elementor-button elementor-button-link elementor-size-sm\" href=\"https:\/\/landwert.de\/hoffest-auf-dem-landwert-hof-ein-voller-erfolg\/\" target=\"_blank\">\n\t\t\t\t\t\t<span class=\"elementor-button-content-wrapper\">\n\t\t\t\t\t\t\t\t\t<span class=\"elementor-button-text\">Mehr Erfahren<\/span>\n\t\t\t\t\t<\/span>\n\t\t\t\t\t<\/a>\n\t\t\t\t<\/div>\n\t\t\t\t\t\t\t\t<\/div>\n\t\t\t\t<\/div>\n\t\t\t\t<\/div>\n\t\t\t\t\t<\/div>\n\t\t\t\t<\/div>\n\t\t<div data-dce-background-color=\"#212529\" data-dce-background-image-url=\"https:\/\/altes-maedchen.com\/wp-content\/uploads\/2025\/03\/DSC1962-1536x1024.jpg\" class=\"elementor-element elementor-element-b6ebc93 e-flex e-con-boxed e-con e-parent\" data-id=\"b6ebc93\" data-element_type=\"container\" data-e-type=\"container\" data-settings=\"{&quot;background_background&quot;:&quot;classic&quot;}\">\n\t\t\t\t\t<div class=\"e-con-inner\">\n\t\t\t\t\t<\/div>\n\t\t\t\t<\/div>\n\t\t<div class=\"elementor-element elementor-element-152bdcf e-con-full e-flex e-con e-parent\" data-id=\"152bdcf\" data-element_type=\"container\" data-e-type=\"container\">\n\t\t<div class=\"elementor-element elementor-element-9b8c306 e-flex e-con-boxed e-con e-child\" data-id=\"9b8c306\" data-element_type=\"container\" data-e-type=\"container\" data-settings=\"{&quot;background_background&quot;:&quot;classic&quot;}\">\n\t\t\t\t\t<div class=\"e-con-inner\">\n\t\t<div class=\"elementor-element elementor-element-736501f e-con-full e-flex e-con e-child\" data-id=\"736501f\" data-element_type=\"container\" data-e-type=\"container\">\n\t\t\t\t<div class=\"elementor-element elementor-element-f7636e3 elementor-widget elementor-widget-heading\" data-id=\"f7636e3\" data-element_type=\"widget\" data-e-type=\"widget\" data-widget_type=\"heading.default\">\n\t\t\t\t<div class=\"elementor-widget-container\">\n\t\t\t\t\t<h2 class=\"elementor-heading-title elementor-size-default\">SPEISEKARTE<\/h2>\t\t\t\t<\/div>\n\t\t\t\t<\/div>\n\t\t\t\t<div class=\"elementor-element elementor-element-3c25ff7 elementor-widget elementor-widget-text-editor\" data-id=\"3c25ff7\" data-element_type=\"widget\" data-e-type=\"widget\" data-widget_type=\"text-editor.default\">\n\t\t\t\t<div class=\"elementor-widget-container\">\n\t\t\t\t\t\t\t\t\t<p>Nordische Brauhausk\u00fcche \u2013 ob klassisches Ackergold, Roulade wie bei Oma oder veganer Linsenburger \u2013 hier ist f\u00fcr jeden das Richtige dabei!<\/p>\t\t\t\t\t\t\t\t<\/div>\n\t\t\t\t<\/div>\n\t\t\t\t<\/div>\n\t\t<div class=\"elementor-element elementor-element-8c948a8 e-con-full e-flex e-con e-child\" data-id=\"8c948a8\" data-element_type=\"container\" data-e-type=\"container\">\n\t\t\t\t<div data-dce-background-color=\"#00000000\" class=\"elementor-element elementor-element-233a712 elementor-widget elementor-widget-button\" data-id=\"233a712\" data-element_type=\"widget\" data-e-type=\"widget\" data-widget_type=\"button.default\">\n\t\t\t\t<div class=\"elementor-widget-container\">\n\t\t\t\t\t\t\t\t\t<div class=\"elementor-button-wrapper\">\n\t\t\t\t\t<a class=\"elementor-button elementor-button-link elementor-size-sm\" href=\"https:\/\/altes-maedchen.com\/wp-content\/uploads\/2025\/07\/250716_AM_Speisekarte_digital.pdf\" target=\"_blank\">\n\t\t\t\t\t\t<span class=\"elementor-button-content-wrapper\">\n\t\t\t\t\t\t\t\t\t<span class=\"elementor-button-text\">Download Speisekarte<\/span>\n\t\t\t\t\t<\/span>\n\t\t\t\t\t<\/a>\n\t\t\t\t<\/div>\n\t\t\t\t\t\t\t\t<\/div>\n\t\t\t\t<\/div>\n\t\t\t\t<\/div>\n\t\t\t\t\t<\/div>\n\t\t\t\t<\/div>\n\t\t<div class=\"elementor-element elementor-element-a84540e e-flex e-con-boxed e-con e-child\" data-id=\"a84540e\" data-element_type=\"container\" data-e-type=\"container\" data-settings=\"{&quot;background_background&quot;:&quot;classic&quot;}\">\n\t\t\t\t\t<div class=\"e-con-inner\">\n\t\t<div class=\"elementor-element elementor-element-e0a8ecc e-con-full e-flex e-con e-child\" data-id=\"e0a8ecc\" data-element_type=\"container\" data-e-type=\"container\">\n\t\t\t\t<div class=\"elementor-element elementor-element-c9cc450 elementor-widget elementor-widget-heading\" data-id=\"c9cc450\" data-element_type=\"widget\" data-e-type=\"widget\" data-widget_type=\"heading.default\">\n\t\t\t\t<div class=\"elementor-widget-container\">\n\t\t\t\t\t<h2 class=\"elementor-heading-title elementor-size-default\">Mittagstisch<\/h2>\t\t\t\t<\/div>\n\t\t\t\t<\/div>\n\t\t\t\t<\/div>\n\t\t<div class=\"elementor-element elementor-element-d1ad71b e-con-full e-flex e-con e-child\" data-id=\"d1ad71b\" data-element_type=\"container\" data-e-type=\"container\">\n\t\t\t\t<div data-dce-background-color=\"#00000000\" class=\"elementor-element elementor-element-760196c elementor-widget elementor-widget-button\" data-id=\"760196c\" data-element_type=\"widget\" data-e-type=\"widget\" data-widget_type=\"button.default\">\n\t\t\t\t<div class=\"elementor-widget-container\">\n\t\t\t\t\t\t\t\t\t<div class=\"elementor-button-wrapper\">\n\t\t\t\t\t<a class=\"elementor-button elementor-button-link elementor-size-sm\" href=\"https:\/\/altes-maedchen.com\/wp-content\/uploads\/2026\/04\/250922_AM_Mittagstisch_DinA4.pdf\" target=\"_blank\">\n\t\t\t\t\t\t<span class=\"elementor-button-content-wrapper\">\n\t\t\t\t\t\t\t\t\t<span class=\"elementor-button-text\">Download Mittagskarte<\/span>\n\t\t\t\t\t<\/span>\n\t\t\t\t\t<\/a>\n\t\t\t\t<\/div>\n\t\t\t\t\t\t\t\t<\/div>\n\t\t\t\t<\/div>\n\t\t\t\t<\/div>\n\t\t\t\t\t<\/div>\n\t\t\t\t<\/div>\n\t\t<div class=\"elementor-element elementor-element-969afc9 e-flex e-con-boxed e-con e-child\" data-id=\"969afc9\" data-element_type=\"container\" data-e-type=\"container\" data-settings=\"{&quot;background_background&quot;:&quot;classic&quot;}\">\n\t\t\t\t\t<div class=\"e-con-inner\">\n\t\t<div class=\"elementor-element elementor-element-fa6e734 e-con-full e-flex e-con e-child\" data-id=\"fa6e734\" data-element_type=\"container\" data-e-type=\"container\">\n\t\t\t\t<div class=\"elementor-element elementor-element-765a563 elementor-widget elementor-widget-heading\" data-id=\"765a563\" data-element_type=\"widget\" data-e-type=\"widget\" data-widget_type=\"heading.default\">\n\t\t\t\t<div class=\"elementor-widget-container\">\n\t\t\t\t\t<h2 class=\"elementor-heading-title elementor-size-default\">Kinderkarte<\/h2>\t\t\t\t<\/div>\n\t\t\t\t<\/div>\n\t\t\t\t<\/div>\n\t\t<div class=\"elementor-element elementor-element-e84f6ec e-con-full e-flex e-con e-child\" data-id=\"e84f6ec\" data-element_type=\"container\" data-e-type=\"container\">\n\t\t\t\t<div data-dce-background-color=\"#00000000\" class=\"elementor-element elementor-element-3ee48b4 elementor-widget elementor-widget-button\" data-id=\"3ee48b4\" data-element_type=\"widget\" data-e-type=\"widget\" data-widget_type=\"button.default\">\n\t\t\t\t<div class=\"elementor-widget-container\">\n\t\t\t\t\t\t\t\t\t<div class=\"elementor-button-wrapper\">\n\t\t\t\t\t<a class=\"elementor-button elementor-button-link elementor-size-sm\" href=\"https:\/\/altes-maedchen.com\/wp-content\/uploads\/2025\/05\/250430_AM_Kinderkarte_A4_Flyeralarm.pdf\" target=\"_blank\">\n\t\t\t\t\t\t<span class=\"elementor-button-content-wrapper\">\n\t\t\t\t\t\t\t\t\t<span class=\"elementor-button-text\">Download Mittagskarte<\/span>\n\t\t\t\t\t<\/span>\n\t\t\t\t\t<\/a>\n\t\t\t\t<\/div>\n\t\t\t\t\t\t\t\t<\/div>\n\t\t\t\t<\/div>\n\t\t\t\t<\/div>\n\t\t\t\t\t<\/div>\n\t\t\t\t<\/div>\n\t\t<div class=\"elementor-element elementor-element-30264c2 e-flex e-con-boxed e-con e-child\" data-id=\"30264c2\" data-element_type=\"container\" data-e-type=\"container\" data-settings=\"{&quot;background_background&quot;:&quot;classic&quot;}\">\n\t\t\t\t\t<div class=\"e-con-inner\">\n\t\t<div class=\"elementor-element elementor-element-81df876 e-con-full e-flex e-con e-child\" data-id=\"81df876\" data-element_type=\"container\" data-e-type=\"container\">\n\t\t\t\t<div class=\"elementor-element elementor-element-c24abae elementor-widget elementor-widget-heading\" data-id=\"c24abae\" data-element_type=\"widget\" data-e-type=\"widget\" data-widget_type=\"heading.default\">\n\t\t\t\t<div class=\"elementor-widget-container\">\n\t\t\t\t\t<h2 class=\"elementor-heading-title elementor-size-default\">Specials <\/h2>\t\t\t\t<\/div>\n\t\t\t\t<\/div>\n\t\t\t\t<\/div>\n\t\t<div class=\"elementor-element elementor-element-e9f3692 e-con-full e-flex e-con e-child\" data-id=\"e9f3692\" data-element_type=\"container\" data-e-type=\"container\">\n\t\t\t\t<div data-dce-background-color=\"#00000000\" class=\"elementor-element elementor-element-6fea227 elementor-widget elementor-widget-button\" data-id=\"6fea227\" data-element_type=\"widget\" data-e-type=\"widget\" data-widget_type=\"button.default\">\n\t\t\t\t<div class=\"elementor-widget-container\">\n\t\t\t\t\t\t\t\t\t<div class=\"elementor-button-wrapper\">\n\t\t\t\t\t<a class=\"elementor-button elementor-button-link elementor-size-sm\" href=\"https:\/\/altes-maedchen.com\/wp-content\/uploads\/2026\/04\/FINAL_250327_AM_Spargelzeit_Einleger_120x350.pdf\" target=\"_blank\">\n\t\t\t\t\t\t<span class=\"elementor-button-content-wrapper\">\n\t\t\t\t\t\t\t\t\t<span class=\"elementor-button-text\">Download Saisonkarte<\/span>\n\t\t\t\t\t<\/span>\n\t\t\t\t\t<\/a>\n\t\t\t\t<\/div>\n\t\t\t\t\t\t\t\t<\/div>\n\t\t\t\t<\/div>\n\t\t\t\t<\/div>\n\t\t\t\t\t<\/div>\n\t\t\t\t<\/div>\n\t\t<div class=\"elementor-element elementor-element-18815db e-flex e-con-boxed e-con e-child\" data-id=\"18815db\" data-element_type=\"container\" data-e-type=\"container\" data-settings=\"{&quot;background_background&quot;:&quot;classic&quot;}\">\n\t\t\t\t\t<div class=\"e-con-inner\">\n\t\t<div class=\"elementor-element elementor-element-fa23709 e-con-full e-flex e-con e-child\" data-id=\"fa23709\" data-element_type=\"container\" data-e-type=\"container\">\n\t\t\t\t<div class=\"elementor-element elementor-element-f6c54a2 elementor-widget elementor-widget-heading\" data-id=\"f6c54a2\" data-element_type=\"widget\" data-e-type=\"widget\" data-widget_type=\"heading.default\">\n\t\t\t\t<div class=\"elementor-widget-container\">\n\t\t\t\t\t<h2 class=\"elementor-heading-title elementor-size-default\">FOOD MENU TO DOWNLOAD\n<\/h2>\t\t\t\t<\/div>\n\t\t\t\t<\/div>\n\t\t\t\t<div class=\"elementor-element elementor-element-1db9582 elementor-widget elementor-widget-text-editor\" data-id=\"1db9582\" data-element_type=\"widget\" data-e-type=\"widget\" data-widget_type=\"text-editor.default\">\n\t\t\t\t<div class=\"elementor-widget-container\">\n\t\t\t\t\t\t\t\t\t<p>Check out our English Menu here.<\/p>\t\t\t\t\t\t\t\t<\/div>\n\t\t\t\t<\/div>\n\t\t\t\t<\/div>\n\t\t<div class=\"elementor-element elementor-element-8c5292c e-con-full e-flex e-con e-child\" data-id=\"8c5292c\" data-element_type=\"container\" data-e-type=\"container\">\n\t\t\t\t<div data-dce-background-color=\"#00000000\" class=\"elementor-element elementor-element-373dcf4 elementor-widget elementor-widget-button\" data-id=\"373dcf4\" data-element_type=\"widget\" data-e-type=\"widget\" data-widget_type=\"button.default\">\n\t\t\t\t<div class=\"elementor-widget-container\">\n\t\t\t\t\t\t\t\t\t<div class=\"elementor-button-wrapper\">\n\t\t\t\t\t<a class=\"elementor-button elementor-button-link elementor-size-sm\" href=\"https:\/\/altes-maedchen.com\/wp-content\/uploads\/2025\/03\/250310_AM_Karte_Digital_EM.pdf\" target=\"_blank\">\n\t\t\t\t\t\t<span class=\"elementor-button-content-wrapper\">\n\t\t\t\t\t\t\t\t\t<span class=\"elementor-button-text\">Download English Menu<\/span>\n\t\t\t\t\t<\/span>\n\t\t\t\t\t<\/a>\n\t\t\t\t<\/div>\n\t\t\t\t\t\t\t\t<\/div>\n\t\t\t\t<\/div>\n\t\t\t\t<\/div>\n\t\t\t\t\t<\/div>\n\t\t\t\t<\/div>\n\t\t\t\t<\/div>\n\t\t\t\t<\/div>\n\t\t","protected":false},"excerpt":{"rendered":"<p>Nachhaltigkeit LandWert Hof: Guter Stoff Das Fleisch f\u00fcr unsere beliebten Burger und andere Speisen kommt von unserem Partnerbetrieb LandWert Hof mit eigener Metzgerei in Vorpommern-R\u00fcgen. Tierwohl und Freilandhaltung ist f\u00fcr uns selbstverst\u00e4ndlich. Mehr Erfahren SPEISEKARTE Nordische Brauhausk\u00fcche \u2013 ob klassisches Ackergold, Roulade wie bei Oma oder veganer Linsenburger \u2013 hier ist f\u00fcr jeden das Richtige [&hellip;]<\/p>\n","protected":false},"author":1,"featured_media":0,"parent":0,"menu_order":0,"comment_status":"closed","ping_status":"closed","template":"elementor_header_footer","meta":{"footnotes":""},"class_list":["post-650","page","type-page","status-publish","hentry"],"_links":{"self":[{"href":"https:\/\/altes-maedchen.com\/de\/wp-json\/wp\/v2\/pages\/650","targetHints":{"allow":["GET"]}}],"collection":[{"href":"https:\/\/altes-maedchen.com\/de\/wp-json\/wp\/v2\/pages"}],"about":[{"href":"https:\/\/altes-maedchen.com\/de\/wp-json\/wp\/v2\/types\/page"}],"author":[{"embeddable":true,"href":"https:\/\/altes-maedchen.com\/de\/wp-json\/wp\/v2\/users\/1"}],"replies":[{"embeddable":true,"href":"https:\/\/altes-maedchen.com\/de\/wp-json\/wp\/v2\/comments?post=650"}],"version-history":[{"count":110,"href":"https:\/\/altes-maedchen.com\/de\/wp-json\/wp\/v2\/pages\/650\/revisions"}],"predecessor-version":[{"id":5618,"href":"https:\/\/altes-maedchen.com\/de\/wp-json\/wp\/v2\/pages\/650\/revisions\/5618"}],"wp:attachment":[{"href":"https:\/\/altes-maedchen.com\/de\/wp-json\/wp\/v2\/media?parent=650"}],"curies":[{"name":"wp","href":"https:\/\/api.w.org\/{rel}","templated":true}]}}