{"id":47,"date":"2022-10-07T23:30:47","date_gmt":"2022-10-07T21:30:47","guid":{"rendered":"https:\/\/nostalgic-pasteur.194-56-190-69.plesk.page\/?page_id=47"},"modified":"2026-04-07T16:10:06","modified_gmt":"2026-04-07T14:10:06","slug":"impressum","status":"publish","type":"page","link":"https:\/\/altes-maedchen.com\/de\/impressum\/","title":{"rendered":"Impressum"},"content":{"rendered":"\t\t<div data-elementor-type=\"wp-page\" data-elementor-id=\"47\" class=\"elementor elementor-47\" data-elementor-post-type=\"page\">\n\t\t\t\t<div data-dce-background-color=\"#212529\" data-dce-background-image-url=\"https:\/\/altes-maedchen.com\/wp-content\/uploads\/2023\/03\/hero-impresssum.jpeg\" class=\"elementor-element elementor-element-614d4e2 e-flex e-con-boxed e-con e-parent\" data-id=\"614d4e2\" data-element_type=\"container\" data-e-type=\"container\" data-settings=\"{&quot;background_background&quot;:&quot;classic&quot;}\">\n\t\t\t\t\t<div class=\"e-con-inner\">\n\t\t\t\t<div class=\"elementor-element elementor-element-f8b2879 elementor-widget elementor-widget-image\" data-id=\"f8b2879\" data-element_type=\"widget\" data-e-type=\"widget\" data-widget_type=\"image.default\">\n\t\t\t\t<div class=\"elementor-widget-container\">\n\t\t\t\t\t\t\t\t\t\t\t\t\t\t\t\t<a href=\"https:\/\/altes-maedchen.com\/de\">\n\t\t\t\t\t\t\t<img fetchpriority=\"high\" decoding=\"async\" width=\"768\" height=\"543\" src=\"https:\/\/altes-maedchen.com\/wp-content\/uploads\/2023\/06\/AMB_RH_Logo_weiss_HIGHRES-768x543.png\" class=\"attachment-medium_large size-medium_large wp-image-2575\" alt=\"\" srcset=\"https:\/\/altes-maedchen.com\/wp-content\/uploads\/2023\/06\/AMB_RH_Logo_weiss_HIGHRES-768x543.png 768w, https:\/\/altes-maedchen.com\/wp-content\/uploads\/2023\/06\/AMB_RH_Logo_weiss_HIGHRES-300x212.png 300w, https:\/\/altes-maedchen.com\/wp-content\/uploads\/2023\/06\/AMB_RH_Logo_weiss_HIGHRES-1024x724.png 1024w, https:\/\/altes-maedchen.com\/wp-content\/uploads\/2023\/06\/AMB_RH_Logo_weiss_HIGHRES-1536x1086.png 1536w, https:\/\/altes-maedchen.com\/wp-content\/uploads\/2023\/06\/AMB_RH_Logo_weiss_HIGHRES-2048x1448.png 2048w, https:\/\/altes-maedchen.com\/wp-content\/uploads\/2023\/06\/AMB_RH_Logo_weiss_HIGHRES-18x12.png 18w\" sizes=\"(max-width: 768px) 100vw, 768px\" \/>\t\t\t\t\t\t\t\t<\/a>\n\t\t\t\t\t\t\t\t\t\t\t\t\t\t\t<\/div>\n\t\t\t\t<\/div>\n\t\t\t\t\t<\/div>\n\t\t\t\t<\/div>\n\t\t<div class=\"elementor-element elementor-element-fd4d73a e-flex e-con-boxed e-con e-parent\" data-id=\"fd4d73a\" data-element_type=\"container\" data-e-type=\"container\">\n\t\t\t\t\t<div class=\"e-con-inner\">\n\t\t\t\t<div class=\"elementor-element elementor-element-b260689 elementor-widget elementor-widget-heading\" data-id=\"b260689\" data-element_type=\"widget\" data-e-type=\"widget\" data-widget_type=\"heading.default\">\n\t\t\t\t<div class=\"elementor-widget-container\">\n\t\t\t\t\t<span class=\"elementor-heading-title elementor-size-default\">Wat mutt, dat mutt\n<\/span>\t\t\t\t<\/div>\n\t\t\t\t<\/div>\n\t\t\t\t<div class=\"elementor-element elementor-element-1b2334a elementor-widget elementor-widget-heading\" data-id=\"1b2334a\" data-element_type=\"widget\" data-e-type=\"widget\" data-widget_type=\"heading.default\">\n\t\t\t\t<div class=\"elementor-widget-container\">\n\t\t\t\t\t<h1 class=\"elementor-heading-title elementor-size-default\">IMPRESSUM\n<\/h1>\t\t\t\t<\/div>\n\t\t\t\t<\/div>\n\t\t\t\t<div class=\"elementor-element elementor-element-791575a elementor-widget elementor-widget-text-editor\" data-id=\"791575a\" data-element_type=\"widget\" data-e-type=\"widget\" data-widget_type=\"text-editor.default\">\n\t\t\t\t<div class=\"elementor-widget-container\">\n\t\t\t\t\t\t\t\t\t<p><strong>Braugasthaus Schanzenh\u00f6fe GmbH<\/strong><br \/>Altes M\u00e4dchen<br \/>Lagerstra\u00dfe 28b<br \/>20357 Hamburg<\/p><p><a href=\"mailto:info@altes-maedchen.com\">info@altes-maedchen.com<\/a><br \/><a href=\"tel:+4940800077750\">+49 (0)40 \u2013 8000 777 50<\/a><\/p><p>Gesch\u00e4ftsf\u00fchrung:<br \/>Niklas Nordmann, Oliver Nordmann, Florian Nordmann<\/p><p>AG Hamburg, HRB 123097<br \/>Ust-ID-Nr. DE 283 694 617<br \/>Finanzamt Hamburg Hansa<\/p><p>Inhaltlich Verantwortlicher gem\u00e4\u00df \u00a7 55 Abs. 2 RStV:<br \/>Ratsherrn Braugasthaus Altes M\u00e4dchen<br \/>Lagerstra\u00dfe 28b<br \/>20357 Hamburg<\/p><h2>HAFTUNGSAUSSCHLUSS<\/h2><h3>HAFTUNGSHINWEIS F\u00dcR INHALTE:<\/h3><p>Die Inhalte unserer Seite wurden mit gr\u00f6\u00dfter Sorgfalt erstellt. F\u00fcr die Richtigkeit, Vollst\u00e4ndigkeit und Aktualit\u00e4t der Inhalte k\u00f6nnen wir jedoch keine Gew\u00e4hr \u00fcbernehmen.<br \/>Haftungshinweis f\u00fcr Links<br \/>Trotz sorgf\u00e4ltiger inhaltlicher Kontrolle \u00fcbernehmen wir keine Haftung f\u00fcr die Inhalte externer Links. F\u00fcr den Inhalt der verlinkten Seiten sind ausschlie\u00dflich deren Betreiber verantwortlich, wir haben da keinen Einfluss drauf. Deshalb k\u00f6nnen wir f\u00fcr diese fremden Inhalte auch keine Gew\u00e4hr \u00fcbernehmen. Die verlinkten Seiten wurden zum Zeitpunkt der Verlinkung auf m\u00f6gliche Rechtsverst\u00f6\u00dfe \u00fcberpr\u00fcft. Rechtswidrige Inhalte waren zum Zeitpunkt der Verlinkung nicht erkennbar. Eine permanente inhaltliche Kontrolle der verlinkten Seiten ist jedoch ohne konkrete Anhaltspunkte einer Rechtsverletzung nicht zumutbar. Bei Bekanntwerden von Rechtsverletzungen werden wir derartige Links umgehend entfernen.<\/p><h3>URHEBERRECHT<\/h3><p>Die durch die Seitenbetreiber erstellten Inhalte und Werke auf diesen Seiten unterliegen dem deutschen Urheberrecht. Der urheberrechtliche Schutz bezieht sich insbesondere auf Inhalt und Struktur dieser Internetseite sowie auf s\u00e4mtliche Bilder, Logos, Grafiken, Texte, Animationen, Markenbezeichnungen sowie deren Anordnung auf dieser Internetseite. Die Vervielf\u00e4ltigung, Bearbeitung, Verbreitung und jede Art der Verwertung au\u00dferhalb der Grenzen des Urheberrechtes bed\u00fcrfen der schriftlichen Zustimmung des jeweiligen Autors bzw. Erstellers. Downloads und Kopien dieser Seite sind nur f\u00fcr den privaten, nicht kommerziellen Gebrauch gestattet. Soweit die Inhalte auf dieser Seite nicht vom Betreiber erstellt wurden, werden die Urheberrechte Dritter beachtet. Insbesondere werden Inhalte Dritter als solche gekennzeichnet. Sollten Sie trotzdem auf eine Urheberrechtsverletzung aufmerksam werden, bitten wir um einen entsprechenden Hinweis. Bei Bekanntwerden von Rechtsverletzungen werden wir derartige Inhalte umgehend entfernen.<\/p><p>Quelle:\u00a0<a href=\"http:\/\/rechtsanwalt-schwenke.de\/\" target=\"_blank\" rel=\"noopener\">http:\/\/rechtsanwalt-schwenke.de\/<\/a><\/p><h2>HINWEIS ZUM STREITBEILEGUNGSVERFAHREN<\/h2><p>Der Unternehmer verpflichtet sich nicht, an Streitbeilegungsverfahren vor einer Verbraucherschlichtungsstelle teilzunehmen.<br \/>Plattform der EU-Kommission zur Online-Streitbeilegung:\u00a0<a href=\"http:\/\/www.ec.europa.eu\/consumers\/odr\" target=\"_blank\" rel=\"noopener\">www.ec.europa.eu\/consumers\/odr<\/a><\/p><h2>FLATICON<\/h2><p>Designed by https:\/\/www.flaticon.com\/authors\/ddara from www.flaticon.com\u201c<\/p><p><strong>Webdesign &amp; Entwicklung<br \/><\/strong><a href=\"https:\/\/nicolasgrimm.ch\/\">Nicolas Grimm<\/a><\/p>\t\t\t\t\t\t\t\t<\/div>\n\t\t\t\t<\/div>\n\t\t\t\t\t<\/div>\n\t\t\t\t<\/div>\n\t\t\t\t<\/div>\n\t\t","protected":false},"excerpt":{"rendered":"<p>Wat mutt, dat mutt IMPRESSUM Braugasthaus Schanzenh\u00f6fe GmbHAltes M\u00e4dchenLagerstra\u00dfe 28b20357 Hamburg info@altes-maedchen.com+49 (0)40 \u2013 8000 777 50 Gesch\u00e4ftsf\u00fchrung:Niklas Nordmann, Oliver Nordmann, Florian Nordmann AG Hamburg, HRB 123097Ust-ID-Nr. DE 283 694 617Finanzamt Hamburg Hansa Inhaltlich Verantwortlicher gem\u00e4\u00df \u00a7 55 Abs. 2 RStV:Ratsherrn Braugasthaus Altes M\u00e4dchenLagerstra\u00dfe 28b20357 Hamburg HAFTUNGSAUSSCHLUSS HAFTUNGSHINWEIS F\u00dcR INHALTE: Die Inhalte unserer Seite wurden [&hellip;]<\/p>\n","protected":false},"author":1,"featured_media":0,"parent":0,"menu_order":0,"comment_status":"closed","ping_status":"closed","template":"elementor_header_footer","meta":{"footnotes":""},"class_list":["post-47","page","type-page","status-publish","hentry"],"_links":{"self":[{"href":"https:\/\/altes-maedchen.com\/de\/wp-json\/wp\/v2\/pages\/47","targetHints":{"allow":["GET"]}}],"collection":[{"href":"https:\/\/altes-maedchen.com\/de\/wp-json\/wp\/v2\/pages"}],"about":[{"href":"https:\/\/altes-maedchen.com\/de\/wp-json\/wp\/v2\/types\/page"}],"author":[{"embeddable":true,"href":"https:\/\/altes-maedchen.com\/de\/wp-json\/wp\/v2\/users\/1"}],"replies":[{"embeddable":true,"href":"https:\/\/altes-maedchen.com\/de\/wp-json\/wp\/v2\/comments?post=47"}],"version-history":[{"count":32,"href":"https:\/\/altes-maedchen.com\/de\/wp-json\/wp\/v2\/pages\/47\/revisions"}],"predecessor-version":[{"id":5592,"href":"https:\/\/altes-maedchen.com\/de\/wp-json\/wp\/v2\/pages\/47\/revisions\/5592"}],"wp:attachment":[{"href":"https:\/\/altes-maedchen.com\/de\/wp-json\/wp\/v2\/media?parent=47"}],"curies":[{"name":"wp","href":"https:\/\/api.w.org\/{rel}","templated":true}]}}